{"id":216792,"date":"2021-09-27T14:22:08","date_gmt":"2021-09-27T14:22:08","guid":{"rendered":"https:\/\/doremimusical.com.br\/2019\/?post_type=product&#038;p=216792"},"modified":"2021-09-27T14:23:40","modified_gmt":"2021-09-27T14:23:40","slug":"metodo-aprenda-a-tocar-orgao-e-teclado-1o-vol-curso-basico-cristine-prado","status":"publish","type":"product","link":"https:\/\/doremimusical.com.br\/2019\/produto\/metodo-aprenda-a-tocar-orgao-e-teclado-1o-vol-curso-basico-cristine-prado\/","title":{"rendered":"M\u00e9todo APRENDA A TOCAR \u00d3RG\u00c3O E TECLADO &#8211; 1\u00ba VOL. CURSO B\u00c1SICO Cristine Prado"},"content":{"rendered":"<p>Este primeiro volume do m\u00e9todo da professora Cristine Prado \u00e9 dividido em tr\u00eas est\u00e1gios cronol\u00f3gicos de aprendizado e aborda os seguintes assuntos: registra\u00e7\u00e3o, postura correta, identifica\u00e7\u00e3o das notas, par\u00e2metros do som, claves, valores das figuras musicais, baixo alternado, baixo caminhante, escalas, s\u00edncope, intervalos, compassos simples e compostos. Al\u00e9m disso, apresenta um repert\u00f3rio bastante generoso de m\u00fasicas para ilustrar cada est\u00e1gio, tais como: Oh! Suzana, O bife, Edelweiss, Aquarela do Brasil, Fascina\u00e7\u00e3o, Blue moon, Maria Maria, Carruagens de fogo e muitas outras.<\/p>\n","protected":false},"excerpt":{"rendered":"<p><img loading=\"lazy\" class=\"alignnone size-full wp-image-216781\" src=\"https:\/\/doremimusical.com.br\/2019\/wp-content\/uploads\/2021\/09\/logo2-1.png\" alt=\"\" width=\"97\" height=\"115\" \/><\/p>\n","protected":false},"featured_media":216793,"template":"","meta":{"_et_pb_use_builder":"","_et_pb_old_content":"","_et_gb_content_width":""},"product_cat":[79,82,628,626],"product_tag":[],"_links":{"self":[{"href":"https:\/\/doremimusical.com.br\/2019\/wp-json\/wp\/v2\/product\/216792"}],"collection":[{"href":"https:\/\/doremimusical.com.br\/2019\/wp-json\/wp\/v2\/product"}],"about":[{"href":"https:\/\/doremimusical.com.br\/2019\/wp-json\/wp\/v2\/types\/product"}],"wp:featuredmedia":[{"embeddable":true,"href":"https:\/\/doremimusical.com.br\/2019\/wp-json\/wp\/v2\/media\/216793"}],"wp:attachment":[{"href":"https:\/\/doremimusical.com.br\/2019\/wp-json\/wp\/v2\/media?parent=216792"}],"wp:term":[{"taxonomy":"product_cat","embeddable":true,"href":"https:\/\/doremimusical.com.br\/2019\/wp-json\/wp\/v2\/product_cat?post=216792"},{"taxonomy":"product_tag","embeddable":true,"href":"https:\/\/doremimusical.com.br\/2019\/wp-json\/wp\/v2\/product_tag?post=216792"}],"curies":[{"name":"wp","href":"https:\/\/api.w.org\/{rel}","templated":true}]}}