{"id":216788,"date":"2021-09-27T14:14:17","date_gmt":"2021-09-27T14:14:17","guid":{"rendered":"https:\/\/doremimusical.com.br\/2019\/?post_type=product&#038;p=216788"},"modified":"2021-09-27T14:14:18","modified_gmt":"2021-09-27T14:14:18","slug":"metodo-curso-de-piano-2o-vol-mario-mascarenhas","status":"publish","type":"product","link":"https:\/\/doremimusical.com.br\/2019\/produto\/metodo-curso-de-piano-2o-vol-mario-mascarenhas\/","title":{"rendered":"M\u00e9todo CURSO DE PIANO &#8211; 2\u00ba VOL. M\u00e1rio Mascarenhas"},"content":{"rendered":"<p>Curso de autoria do mestre M\u00e1rio Mascarenhas, composto de dois volumes. Este volume apresenta, al\u00e9m dos estudos de escalas e arpejos, exerc\u00edcios de Czerny e Hanon (20 estudos) e pe\u00e7as de grandes autores, como Burgm\u00fcller e Muzio Clementi, entre outros.<\/p>\n","protected":false},"excerpt":{"rendered":"<p><img loading=\"lazy\" class=\"alignnone size-full wp-image-216781\" src=\"https:\/\/doremimusical.com.br\/2019\/wp-content\/uploads\/2021\/09\/logo2-1.png\" alt=\"\" width=\"97\" height=\"115\" \/><\/p>\n","protected":false},"featured_media":216789,"template":"","meta":{"_et_pb_use_builder":"","_et_pb_old_content":"","_et_gb_content_width":""},"product_cat":[79,82,628,626],"product_tag":[],"_links":{"self":[{"href":"https:\/\/doremimusical.com.br\/2019\/wp-json\/wp\/v2\/product\/216788"}],"collection":[{"href":"https:\/\/doremimusical.com.br\/2019\/wp-json\/wp\/v2\/product"}],"about":[{"href":"https:\/\/doremimusical.com.br\/2019\/wp-json\/wp\/v2\/types\/product"}],"wp:featuredmedia":[{"embeddable":true,"href":"https:\/\/doremimusical.com.br\/2019\/wp-json\/wp\/v2\/media\/216789"}],"wp:attachment":[{"href":"https:\/\/doremimusical.com.br\/2019\/wp-json\/wp\/v2\/media?parent=216788"}],"wp:term":[{"taxonomy":"product_cat","embeddable":true,"href":"https:\/\/doremimusical.com.br\/2019\/wp-json\/wp\/v2\/product_cat?post=216788"},{"taxonomy":"product_tag","embeddable":true,"href":"https:\/\/doremimusical.com.br\/2019\/wp-json\/wp\/v2\/product_tag?post=216788"}],"curies":[{"name":"wp","href":"https:\/\/api.w.org\/{rel}","templated":true}]}}