{"id":216786,"date":"2021-09-27T14:12:01","date_gmt":"2021-09-27T14:12:01","guid":{"rendered":"https:\/\/doremimusical.com.br\/2019\/?post_type=product&#038;p=216786"},"modified":"2021-09-27T14:12:02","modified_gmt":"2021-09-27T14:12:02","slug":"metodo-curso-de-piano-1o-vol-mario-mascarenhas","status":"publish","type":"product","link":"https:\/\/doremimusical.com.br\/2019\/produto\/metodo-curso-de-piano-1o-vol-mario-mascarenhas\/","title":{"rendered":"M\u00e9todo CURSO DE PIANO &#8211; 1\u00ba VOL. M\u00e1rio Mascarenhas"},"content":{"rendered":"<p>Curso de autoria do mestre M\u00e1rio Mascarenhas, composto de dois volumes, para propiciar o estudo do piano com pe\u00e7as de agrad\u00e1vel sonoridade e de f\u00e1cil execu\u00e7\u00e3o. Este volume enfoca a postura do pianista, posi\u00e7\u00e3o correta das m\u00e3os, no\u00e7\u00f5es elementares de m\u00fasica e as notas longas e curtas para a sistematiza\u00e7\u00e3o do pulso.<\/p>\n","protected":false},"excerpt":{"rendered":"<p><img loading=\"lazy\" class=\"alignnone size-full wp-image-216781\" src=\"https:\/\/doremimusical.com.br\/2019\/wp-content\/uploads\/2021\/09\/logo2-1.png\" alt=\"\" width=\"97\" height=\"115\" \/><\/p>\n","protected":false},"featured_media":216787,"template":"","meta":{"_et_pb_use_builder":"","_et_pb_old_content":"","_et_gb_content_width":""},"product_cat":[79,82,628,626],"product_tag":[],"_links":{"self":[{"href":"https:\/\/doremimusical.com.br\/2019\/wp-json\/wp\/v2\/product\/216786"}],"collection":[{"href":"https:\/\/doremimusical.com.br\/2019\/wp-json\/wp\/v2\/product"}],"about":[{"href":"https:\/\/doremimusical.com.br\/2019\/wp-json\/wp\/v2\/types\/product"}],"wp:featuredmedia":[{"embeddable":true,"href":"https:\/\/doremimusical.com.br\/2019\/wp-json\/wp\/v2\/media\/216787"}],"wp:attachment":[{"href":"https:\/\/doremimusical.com.br\/2019\/wp-json\/wp\/v2\/media?parent=216786"}],"wp:term":[{"taxonomy":"product_cat","embeddable":true,"href":"https:\/\/doremimusical.com.br\/2019\/wp-json\/wp\/v2\/product_cat?post=216786"},{"taxonomy":"product_tag","embeddable":true,"href":"https:\/\/doremimusical.com.br\/2019\/wp-json\/wp\/v2\/product_tag?post=216786"}],"curies":[{"name":"wp","href":"https:\/\/api.w.org\/{rel}","templated":true}]}}