{"id":216785,"date":"2021-09-27T14:09:36","date_gmt":"2021-09-27T14:09:36","guid":{"rendered":"https:\/\/doremimusical.com.br\/2019\/?post_type=product&#038;p=216785"},"modified":"2021-09-27T14:09:37","modified_gmt":"2021-09-27T14:09:37","slug":"metodo-25-estudos-faceis-e-progressivos-friedrich-burgmuller","status":"publish","type":"product","link":"https:\/\/doremimusical.com.br\/2019\/produto\/metodo-25-estudos-faceis-e-progressivos-friedrich-burgmuller\/","title":{"rendered":"M\u00e9todo 25 ESTUDOS &#8211; F\u00e1ceis e Progressivos Friedrich Burgm\u00fcller"},"content":{"rendered":"<p>O compositor alem\u00e3o Friedrich Burgm\u00fcller (1806-1874) consagrou-se na hist\u00f3ria da m\u00fasica pela autoria do bal\u00e9 cl\u00e1ssico La P\u00e9ri. Nesta nova edi\u00e7\u00e3o de seus 25 Estudos, o iniciante do piano \u00e9 conduzido ao desenvolvimento gradativo da t\u00e9cnica pian\u00edstica atrav\u00e9s da execu\u00e7\u00e3o, e da audi\u00e7\u00e3o, de melodias simples e de rara beleza. Arquivos sonoros para download est\u00e3o \u00e0 disposi\u00e7\u00e3o do estudante para facilitar a execu\u00e7\u00e3o das obras.<\/p>\n","protected":false},"excerpt":{"rendered":"<p><img loading=\"lazy\" class=\"alignnone size-full wp-image-216781\" src=\"https:\/\/doremimusical.com.br\/2019\/wp-content\/uploads\/2021\/09\/logo2-1.png\" alt=\"\" width=\"97\" height=\"115\" \/><\/p>\n","protected":false},"featured_media":216681,"template":"","meta":{"_et_pb_use_builder":"","_et_pb_old_content":"","_et_gb_content_width":""},"product_cat":[79,82,628,626],"product_tag":[],"_links":{"self":[{"href":"https:\/\/doremimusical.com.br\/2019\/wp-json\/wp\/v2\/product\/216785"}],"collection":[{"href":"https:\/\/doremimusical.com.br\/2019\/wp-json\/wp\/v2\/product"}],"about":[{"href":"https:\/\/doremimusical.com.br\/2019\/wp-json\/wp\/v2\/types\/product"}],"wp:featuredmedia":[{"embeddable":true,"href":"https:\/\/doremimusical.com.br\/2019\/wp-json\/wp\/v2\/media\/216681"}],"wp:attachment":[{"href":"https:\/\/doremimusical.com.br\/2019\/wp-json\/wp\/v2\/media?parent=216785"}],"wp:term":[{"taxonomy":"product_cat","embeddable":true,"href":"https:\/\/doremimusical.com.br\/2019\/wp-json\/wp\/v2\/product_cat?post=216785"},{"taxonomy":"product_tag","embeddable":true,"href":"https:\/\/doremimusical.com.br\/2019\/wp-json\/wp\/v2\/product_tag?post=216785"}],"curies":[{"name":"wp","href":"https:\/\/api.w.org\/{rel}","templated":true}]}}