{"id":216782,"date":"2021-09-27T14:07:28","date_gmt":"2021-09-27T14:07:28","guid":{"rendered":"https:\/\/doremimusical.com.br\/2019\/?post_type=product&#038;p=216782"},"modified":"2021-09-27T14:07:28","modified_gmt":"2021-09-27T14:07:28","slug":"metodo-vinte-pecas-faceis-o-pequeno-livro-de-anna-magdalena-bach-johann-sebastian-bach","status":"publish","type":"product","link":"https:\/\/doremimusical.com.br\/2019\/produto\/metodo-vinte-pecas-faceis-o-pequeno-livro-de-anna-magdalena-bach-johann-sebastian-bach\/","title":{"rendered":"M\u00e9todo Vinte Pe\u00e7as F\u00e1ceis o Pequeno Livro de Anna Magdalena Bach Johann Sebastian Bach"},"content":{"rendered":"<table border=\"0\" width=\"100%\" cellspacing=\"0\" cellpadding=\"2\">\n<tbody>\n<tr>\n<td class=\"descricao\">Colet\u00e2nea de pe\u00e7as de f\u00e1cil execu\u00e7\u00e3o atribu\u00eddas a Johann Sebastian Bach, recolhidas do caderno de anota\u00e7\u00f5es de sua esposa, Anna Magdalena Bach. S\u00e3o minuetos, poloneses, rond\u00f3s e marchas de agrad\u00e1vel sonoridade transcritos para piano. Foram escritas originalmente para crav<\/td>\n<\/tr>\n<\/tbody>\n<\/table>\n","protected":false},"excerpt":{"rendered":"<p><img loading=\"lazy\" class=\"alignnone size-full wp-image-216781\" src=\"https:\/\/doremimusical.com.br\/2019\/wp-content\/uploads\/2021\/09\/logo2-1.png\" alt=\"\" width=\"97\" height=\"115\" \/><\/p>\n","protected":false},"featured_media":216783,"template":"","meta":{"_et_pb_use_builder":"","_et_pb_old_content":"","_et_gb_content_width":""},"product_cat":[79,82,628,626],"product_tag":[],"_links":{"self":[{"href":"https:\/\/doremimusical.com.br\/2019\/wp-json\/wp\/v2\/product\/216782"}],"collection":[{"href":"https:\/\/doremimusical.com.br\/2019\/wp-json\/wp\/v2\/product"}],"about":[{"href":"https:\/\/doremimusical.com.br\/2019\/wp-json\/wp\/v2\/types\/product"}],"wp:featuredmedia":[{"embeddable":true,"href":"https:\/\/doremimusical.com.br\/2019\/wp-json\/wp\/v2\/media\/216783"}],"wp:attachment":[{"href":"https:\/\/doremimusical.com.br\/2019\/wp-json\/wp\/v2\/media?parent=216782"}],"wp:term":[{"taxonomy":"product_cat","embeddable":true,"href":"https:\/\/doremimusical.com.br\/2019\/wp-json\/wp\/v2\/product_cat?post=216782"},{"taxonomy":"product_tag","embeddable":true,"href":"https:\/\/doremimusical.com.br\/2019\/wp-json\/wp\/v2\/product_tag?post=216782"}],"curies":[{"name":"wp","href":"https:\/\/api.w.org\/{rel}","templated":true}]}}