{"id":216778,"date":"2021-09-27T14:04:09","date_gmt":"2021-09-27T14:04:09","guid":{"rendered":"https:\/\/doremimusical.com.br\/2019\/?post_type=product&#038;p=216778"},"modified":"2021-09-27T14:04:09","modified_gmt":"2021-09-27T14:04:09","slug":"metodo-estudos-escolhidos-1o-vol-carl-czerny-germer","status":"publish","type":"product","link":"https:\/\/doremimusical.com.br\/2019\/produto\/metodo-estudos-escolhidos-1o-vol-carl-czerny-germer\/","title":{"rendered":"M\u00e9todo  ESTUDOS ESCOLHIDOS &#8211; 1\u00ba VOL. Carl Czerny &#8211; Germer"},"content":{"rendered":"<p>Composto em tr\u00eas partes, este primeiro volume engloba 82 estudos mel\u00f3dicos para piano &#8211; 50 para curso elementar superior e 32 para curso m\u00e9dio inferior &#8211; nos quais s\u00e3o exercitadas as t\u00e9cnicas de velocidade, independ\u00eancia das m\u00e3os, escalas e arpejos, entre outras. Estes estudos de Czerny &#8211; aluno de Beethoven e mestre de Liszt &#8211; foram revisados pelo maestro Souza Lima, considerado por grandes nomes da m\u00fasica nacional como o &#8220;pr\u00edncipe dos pianistas&#8221;.<\/p>\n","protected":false},"excerpt":{"rendered":"<p><img loading=\"lazy\" class=\"alignnone  wp-image-216779\" src=\"https:\/\/doremimusical.com.br\/2019\/wp-content\/uploads\/2021\/09\/logo2.png\" alt=\"\" width=\"86\" height=\"101\" \/><\/p>\n","protected":false},"featured_media":216780,"template":"","meta":{"_et_pb_use_builder":"","_et_pb_old_content":"","_et_gb_content_width":""},"product_cat":[79,82,628,626],"product_tag":[],"_links":{"self":[{"href":"https:\/\/doremimusical.com.br\/2019\/wp-json\/wp\/v2\/product\/216778"}],"collection":[{"href":"https:\/\/doremimusical.com.br\/2019\/wp-json\/wp\/v2\/product"}],"about":[{"href":"https:\/\/doremimusical.com.br\/2019\/wp-json\/wp\/v2\/types\/product"}],"wp:featuredmedia":[{"embeddable":true,"href":"https:\/\/doremimusical.com.br\/2019\/wp-json\/wp\/v2\/media\/216780"}],"wp:attachment":[{"href":"https:\/\/doremimusical.com.br\/2019\/wp-json\/wp\/v2\/media?parent=216778"}],"wp:term":[{"taxonomy":"product_cat","embeddable":true,"href":"https:\/\/doremimusical.com.br\/2019\/wp-json\/wp\/v2\/product_cat?post=216778"},{"taxonomy":"product_tag","embeddable":true,"href":"https:\/\/doremimusical.com.br\/2019\/wp-json\/wp\/v2\/product_tag?post=216778"}],"curies":[{"name":"wp","href":"https:\/\/api.w.org\/{rel}","templated":true}]}}