{"id":216773,"date":"2021-09-27T13:53:19","date_gmt":"2021-09-27T13:53:19","guid":{"rendered":"https:\/\/doremimusical.com.br\/2019\/?post_type=product&#038;p=216773"},"modified":"2021-09-27T13:53:20","modified_gmt":"2021-09-27T13:53:20","slug":"metodo-introducao-a-teoria-musical","status":"publish","type":"product","link":"https:\/\/doremimusical.com.br\/2019\/produto\/metodo-introducao-a-teoria-musical\/","title":{"rendered":"M\u00e9todo Introdu\u00e7\u00e3o \u00e0 Teoria Musical"},"content":{"rendered":"<p>M\u00e9todo Introdu\u00e7\u00e3o \u00c0 Teoria Musical<\/p>\n<p>&nbsp;<\/p>\n<p>Coordena\u00e7\u00e3o &#8211; Ondina T. S. Magalh\u00e3es<\/p>\n<p>Editora Ricordi<\/p>\n","protected":false},"excerpt":{"rendered":"<p><img loading=\"lazy\" class=\"alignnone size-full wp-image-216662\" src=\"https:\/\/doremimusical.com.br\/2019\/wp-content\/uploads\/2021\/09\/ricordi.png\" alt=\"\" width=\"158\" height=\"49\" \/><\/p>\n","protected":false},"featured_media":216774,"template":"","meta":{"_et_pb_use_builder":"","_et_pb_old_content":"","_et_gb_content_width":""},"product_cat":[79,82,626,627],"product_tag":[],"_links":{"self":[{"href":"https:\/\/doremimusical.com.br\/2019\/wp-json\/wp\/v2\/product\/216773"}],"collection":[{"href":"https:\/\/doremimusical.com.br\/2019\/wp-json\/wp\/v2\/product"}],"about":[{"href":"https:\/\/doremimusical.com.br\/2019\/wp-json\/wp\/v2\/types\/product"}],"wp:featuredmedia":[{"embeddable":true,"href":"https:\/\/doremimusical.com.br\/2019\/wp-json\/wp\/v2\/media\/216774"}],"wp:attachment":[{"href":"https:\/\/doremimusical.com.br\/2019\/wp-json\/wp\/v2\/media?parent=216773"}],"wp:term":[{"taxonomy":"product_cat","embeddable":true,"href":"https:\/\/doremimusical.com.br\/2019\/wp-json\/wp\/v2\/product_cat?post=216773"},{"taxonomy":"product_tag","embeddable":true,"href":"https:\/\/doremimusical.com.br\/2019\/wp-json\/wp\/v2\/product_tag?post=216773"}],"curies":[{"name":"wp","href":"https:\/\/api.w.org\/{rel}","templated":true}]}}