{"id":216763,"date":"2021-09-25T16:32:47","date_gmt":"2021-09-25T16:32:47","guid":{"rendered":"https:\/\/doremimusical.com.br\/2019\/?post_type=product&#038;p=216763"},"modified":"2021-09-25T16:32:48","modified_gmt":"2021-09-25T16:32:48","slug":"metodo-para-violino-nicolas-laoureux-vol-1","status":"publish","type":"product","link":"https:\/\/doremimusical.com.br\/2019\/produto\/metodo-para-violino-nicolas-laoureux-vol-1\/","title":{"rendered":"M\u00e9todo para Violino Nicolas Laoureux Vol.1"},"content":{"rendered":"<p>Este m\u00e9todo coloca \u00e0 disposi\u00e7\u00e3o um ensino did\u00e1tico e facilitado para desenvolver v\u00e1rios tipos de exerc\u00edcios, numa sequ\u00eancia progressiva, que permitir\u00e1 assimilar o dom\u00ednio e os princ\u00edpios fundamentais de t\u00e9cnicas do violino. M\u00e9todo mais vendido e indicados em todo o mundo. Vers\u00e3o produzida no Brasil, adaptada e traduzida para o portugu\u00eas, onde teve seu design completamente refeito, para atender \u00e0s exig\u00eancias dos novos tempos.<\/p>\n<p>Uma obra cl\u00e1ssica, que pelas suas qualidades, clareza, cuidados com a postura, gradua\u00e7\u00e3o dos exerc\u00edcios, vem atendendo a sucessivas gera\u00e7\u00f5es de estudantes. A obra foi traduzida, adaptada e teve seu design completamente refeitos para atender as exig\u00eancias dos novos tempos<\/p>\n","protected":false},"excerpt":{"rendered":"<p><img loading=\"lazy\" class=\"alignnone size-full wp-image-216662\" src=\"https:\/\/doremimusical.com.br\/2019\/wp-content\/uploads\/2021\/09\/ricordi.png\" alt=\"\" width=\"158\" height=\"49\" \/><\/p>\n","protected":false},"featured_media":216764,"template":"","meta":{"_et_pb_use_builder":"","_et_pb_old_content":"","_et_gb_content_width":""},"product_cat":[79,82,626,627],"product_tag":[],"_links":{"self":[{"href":"https:\/\/doremimusical.com.br\/2019\/wp-json\/wp\/v2\/product\/216763"}],"collection":[{"href":"https:\/\/doremimusical.com.br\/2019\/wp-json\/wp\/v2\/product"}],"about":[{"href":"https:\/\/doremimusical.com.br\/2019\/wp-json\/wp\/v2\/types\/product"}],"wp:featuredmedia":[{"embeddable":true,"href":"https:\/\/doremimusical.com.br\/2019\/wp-json\/wp\/v2\/media\/216764"}],"wp:attachment":[{"href":"https:\/\/doremimusical.com.br\/2019\/wp-json\/wp\/v2\/media?parent=216763"}],"wp:term":[{"taxonomy":"product_cat","embeddable":true,"href":"https:\/\/doremimusical.com.br\/2019\/wp-json\/wp\/v2\/product_cat?post=216763"},{"taxonomy":"product_tag","embeddable":true,"href":"https:\/\/doremimusical.com.br\/2019\/wp-json\/wp\/v2\/product_tag?post=216763"}],"curies":[{"name":"wp","href":"https:\/\/api.w.org\/{rel}","templated":true}]}}