{"id":216761,"date":"2021-09-25T16:30:41","date_gmt":"2021-09-25T16:30:41","guid":{"rendered":"https:\/\/doremimusical.com.br\/2019\/?post_type=product&#038;p=216761"},"modified":"2021-09-25T16:30:41","modified_gmt":"2021-09-25T16:30:41","slug":"metodo-para-violino-nicolas-laoureux","status":"publish","type":"product","link":"https:\/\/doremimusical.com.br\/2019\/produto\/metodo-para-violino-nicolas-laoureux\/","title":{"rendered":"M\u00e9todo para Violino Nicolas Laoureux"},"content":{"rendered":"<p>O segundo livro coloca \u00e0 disposi\u00e7\u00e3o dos professores e alunos de violino um ensino did\u00e1tico e facilitado para desenvolver e aperfei\u00e7oar, numa sequ\u00eancia progressiva, 30 estudos na primeira posi\u00e7\u00e3o.<\/p>\n<p>Um dos m\u00e9todos mais vendidos e indicados em todo o mundo. Esta \u00e9 uma vers\u00e3o produzida no Brasil que foi traduzida, adaptada e teve seu design completamente refeito, para atender \u00e0s exig\u00eancias dos novos tempos.<\/p>\n","protected":false},"excerpt":{"rendered":"<p><img loading=\"lazy\" class=\"alignnone size-full wp-image-216662\" src=\"https:\/\/doremimusical.com.br\/2019\/wp-content\/uploads\/2021\/09\/ricordi.png\" alt=\"\" width=\"158\" height=\"49\" \/><\/p>\n","protected":false},"featured_media":216762,"template":"","meta":{"_et_pb_use_builder":"","_et_pb_old_content":"","_et_gb_content_width":""},"product_cat":[79,82,626,627],"product_tag":[],"_links":{"self":[{"href":"https:\/\/doremimusical.com.br\/2019\/wp-json\/wp\/v2\/product\/216761"}],"collection":[{"href":"https:\/\/doremimusical.com.br\/2019\/wp-json\/wp\/v2\/product"}],"about":[{"href":"https:\/\/doremimusical.com.br\/2019\/wp-json\/wp\/v2\/types\/product"}],"wp:featuredmedia":[{"embeddable":true,"href":"https:\/\/doremimusical.com.br\/2019\/wp-json\/wp\/v2\/media\/216762"}],"wp:attachment":[{"href":"https:\/\/doremimusical.com.br\/2019\/wp-json\/wp\/v2\/media?parent=216761"}],"wp:term":[{"taxonomy":"product_cat","embeddable":true,"href":"https:\/\/doremimusical.com.br\/2019\/wp-json\/wp\/v2\/product_cat?post=216761"},{"taxonomy":"product_tag","embeddable":true,"href":"https:\/\/doremimusical.com.br\/2019\/wp-json\/wp\/v2\/product_tag?post=216761"}],"curies":[{"name":"wp","href":"https:\/\/api.w.org\/{rel}","templated":true}]}}