{"id":216759,"date":"2021-09-25T16:22:06","date_gmt":"2021-09-25T16:22:06","guid":{"rendered":"https:\/\/doremimusical.com.br\/2019\/?post_type=product&#038;p=216759"},"modified":"2021-09-25T16:22:06","modified_gmt":"2021-09-25T16:22:06","slug":"metodo-para-flauta-gilberto-gagliardi","status":"publish","type":"product","link":"https:\/\/doremimusical.com.br\/2019\/produto\/metodo-para-flauta-gilberto-gagliardi\/","title":{"rendered":"M\u00e9todo para Flauta  Gilberto Gagliardi"},"content":{"rendered":"<p>Desenvolvido com o objetivo de colocar a disposi\u00e7\u00e3o dos professores e alunos um ensino did\u00e1tico e facilitado em que o aluno possa desenvolver v\u00e1rios tipos de exerc\u00edcios numa sequ\u00eancia progressiva, que permitir\u00e1 a ele assimilar o dom\u00ednio do instrumento.<\/p>\n<p>C\u00f3digo: RB0816<br \/>\nEditora: Ricordi<br \/>\nIdioma: Portugu\u00eas<br \/>\nAutor\/Artista: Galli<br \/>\nInstrumento: Flauta Transversal<br \/>\nFormato: Livro \/ 72 p\u00e1ginas<\/p>\n","protected":false},"excerpt":{"rendered":"<p><img loading=\"lazy\" class=\"alignnone size-full wp-image-216662\" src=\"https:\/\/doremimusical.com.br\/2019\/wp-content\/uploads\/2021\/09\/ricordi.png\" alt=\"\" width=\"158\" height=\"49\" \/><\/p>\n","protected":false},"featured_media":216760,"template":"","meta":{"_et_pb_use_builder":"","_et_pb_old_content":"","_et_gb_content_width":""},"product_cat":[79,82,626,627],"product_tag":[],"_links":{"self":[{"href":"https:\/\/doremimusical.com.br\/2019\/wp-json\/wp\/v2\/product\/216759"}],"collection":[{"href":"https:\/\/doremimusical.com.br\/2019\/wp-json\/wp\/v2\/product"}],"about":[{"href":"https:\/\/doremimusical.com.br\/2019\/wp-json\/wp\/v2\/types\/product"}],"wp:featuredmedia":[{"embeddable":true,"href":"https:\/\/doremimusical.com.br\/2019\/wp-json\/wp\/v2\/media\/216760"}],"wp:attachment":[{"href":"https:\/\/doremimusical.com.br\/2019\/wp-json\/wp\/v2\/media?parent=216759"}],"wp:term":[{"taxonomy":"product_cat","embeddable":true,"href":"https:\/\/doremimusical.com.br\/2019\/wp-json\/wp\/v2\/product_cat?post=216759"},{"taxonomy":"product_tag","embeddable":true,"href":"https:\/\/doremimusical.com.br\/2019\/wp-json\/wp\/v2\/product_tag?post=216759"}],"curies":[{"name":"wp","href":"https:\/\/api.w.org\/{rel}","templated":true}]}}