{"id":216757,"date":"2021-09-25T16:09:27","date_gmt":"2021-09-25T16:09:27","guid":{"rendered":"https:\/\/doremimusical.com.br\/2019\/?post_type=product&#038;p=216757"},"modified":"2021-09-25T16:09:27","modified_gmt":"2021-09-25T16:09:27","slug":"metodo-elementar-para-flauta-g-pares","status":"publish","type":"product","link":"https:\/\/doremimusical.com.br\/2019\/produto\/metodo-elementar-para-flauta-g-pares\/","title":{"rendered":"M\u00e9todo Elementar para Flauta G. Pares"},"content":{"rendered":"<p>O M\u00e9todo Elementar para Flauta foi desenvolvido com o objetivo de colocar a disposi\u00e7\u00e3o dos professores e alunos um ensino did\u00e1tico e facilitado em que o aluno possa desenvolver v\u00e1rios tipos de exerc\u00edcios numa sequ\u00eancia progressiva, que permitir\u00e1 a ele assimilar o dom\u00ednio do instrumento sem grande esfor\u00e7o.<\/p>\n<p>Este M\u00e9todo foi escrito por Philippe Charles Gabriel Par\u00e8s (Paris, 18 de novembro de 1862 &#8211; 02 de janeiro de 1934). Compositor franc\u00eas, maestro e cornet, Par\u00e8s era o filho do grande maestro militar Philippe Par\u00e8s. Estudou no Conservat\u00f3rio Superior nacional de musique em Paris com Th\u00e9odore Dubois e L\u00e9o Delibes. Em 1893 se tornou maestro principal da banda de renome Orchestre d&#8217;Harmonie de la Garde R\u00e9publicaine em Paris e permaneceu no cargo at\u00e9 1911. Alcan\u00e7ou com esta orquestra um alto n\u00edvel musical. Em 1917 ele recebeu o presidente franc\u00eas Georges Clemenceau que encomendou a cria\u00e7\u00e3o de uma grande banda para, assim, fazer uma turn\u00ea de concertos atrav\u00e9s de mais de 100 cidades em todo os Estados Unidos. Esta viagem foi um grande sucesso. Escreveu grandes arranjos, muitas obras e exerc\u00edcios para ensino da m\u00fasica sinf\u00f4nica.<\/p>\n","protected":false},"excerpt":{"rendered":"<p><img loading=\"lazy\" class=\"alignnone size-full wp-image-216662\" src=\"https:\/\/doremimusical.com.br\/2019\/wp-content\/uploads\/2021\/09\/ricordi.png\" alt=\"\" width=\"158\" height=\"49\" \/><\/p>\n","protected":false},"featured_media":216758,"template":"","meta":{"_et_pb_use_builder":"","_et_pb_old_content":"","_et_gb_content_width":""},"product_cat":[79,82,626,627],"product_tag":[],"_links":{"self":[{"href":"https:\/\/doremimusical.com.br\/2019\/wp-json\/wp\/v2\/product\/216757"}],"collection":[{"href":"https:\/\/doremimusical.com.br\/2019\/wp-json\/wp\/v2\/product"}],"about":[{"href":"https:\/\/doremimusical.com.br\/2019\/wp-json\/wp\/v2\/types\/product"}],"wp:featuredmedia":[{"embeddable":true,"href":"https:\/\/doremimusical.com.br\/2019\/wp-json\/wp\/v2\/media\/216758"}],"wp:attachment":[{"href":"https:\/\/doremimusical.com.br\/2019\/wp-json\/wp\/v2\/media?parent=216757"}],"wp:term":[{"taxonomy":"product_cat","embeddable":true,"href":"https:\/\/doremimusical.com.br\/2019\/wp-json\/wp\/v2\/product_cat?post=216757"},{"taxonomy":"product_tag","embeddable":true,"href":"https:\/\/doremimusical.com.br\/2019\/wp-json\/wp\/v2\/product_tag?post=216757"}],"curies":[{"name":"wp","href":"https:\/\/api.w.org\/{rel}","templated":true}]}}