{"id":216755,"date":"2021-09-25T16:04:55","date_gmt":"2021-09-25T16:04:55","guid":{"rendered":"https:\/\/doremimusical.com.br\/2019\/?post_type=product&#038;p=216755"},"modified":"2021-09-25T16:04:56","modified_gmt":"2021-09-25T16:04:56","slug":"metodo-para-saxfone-nabor-pires-camargo","status":"publish","type":"product","link":"https:\/\/doremimusical.com.br\/2019\/produto\/metodo-para-saxfone-nabor-pires-camargo\/","title":{"rendered":"M\u00e9todo para Saxfone Nabor Pires Camargo"},"content":{"rendered":"<p>M\u00e9todo elaborado com li\u00e7\u00f5es e estudos com intuito de fazer com que o aluno desenvolva e aprenda a tocar saxofone, n\u00edvel b\u00e1sico ao n\u00edvel mais avan\u00e7ado.<br \/>\nTodo o conte\u00fado foi refeito por meio das modernas t\u00e9cnicas de nota\u00e7\u00e3o musical e editora\u00e7\u00e3o eletr\u00f4nica e o texto foi revisto e adaptado ao Acordo Ortogr\u00e1fico.<br \/>\nO m\u00e9todo Nabor Pires de Camargo passou por revis\u00e3o, mas n\u00e3o perdeu qualidade e continua sendo muito procurado por professores e estudantes de saxofone.<br \/>\nAl\u00e9m dos estudos, este m\u00e9todo cont\u00e9m 22 pe\u00e7as f\u00e1ceis para recrea\u00e7\u00e3o.<br \/>\nCaracter\u00edsticas:<\/p>\n<p>Serve para toda a fam\u00edlia de saxofone;<br \/>\nAutor: Nabor Pires de Camargo;<br \/>\nEditora: CN &#8211; Ricordi do Brasil;<br \/>\nIdioma: portugu\u00eas;<br \/>\nAcompanha tabela de escala crom\u00e1tica do saxofone;<br \/>\nN\u00famero de p\u00e1ginas: 43<\/p>\n","protected":false},"excerpt":{"rendered":"<p><img loading=\"lazy\" class=\"alignnone size-full wp-image-216662\" src=\"https:\/\/doremimusical.com.br\/2019\/wp-content\/uploads\/2021\/09\/ricordi.png\" alt=\"\" width=\"158\" height=\"49\" \/><\/p>\n","protected":false},"featured_media":216756,"template":"","meta":{"_et_pb_use_builder":"","_et_pb_old_content":"","_et_gb_content_width":""},"product_cat":[79,82,626,627],"product_tag":[],"_links":{"self":[{"href":"https:\/\/doremimusical.com.br\/2019\/wp-json\/wp\/v2\/product\/216755"}],"collection":[{"href":"https:\/\/doremimusical.com.br\/2019\/wp-json\/wp\/v2\/product"}],"about":[{"href":"https:\/\/doremimusical.com.br\/2019\/wp-json\/wp\/v2\/types\/product"}],"wp:featuredmedia":[{"embeddable":true,"href":"https:\/\/doremimusical.com.br\/2019\/wp-json\/wp\/v2\/media\/216756"}],"wp:attachment":[{"href":"https:\/\/doremimusical.com.br\/2019\/wp-json\/wp\/v2\/media?parent=216755"}],"wp:term":[{"taxonomy":"product_cat","embeddable":true,"href":"https:\/\/doremimusical.com.br\/2019\/wp-json\/wp\/v2\/product_cat?post=216755"},{"taxonomy":"product_tag","embeddable":true,"href":"https:\/\/doremimusical.com.br\/2019\/wp-json\/wp\/v2\/product_tag?post=216755"}],"curies":[{"name":"wp","href":"https:\/\/api.w.org\/{rel}","templated":true}]}}