{"id":216749,"date":"2021-09-25T15:39:43","date_gmt":"2021-09-25T15:39:43","guid":{"rendered":"https:\/\/doremimusical.com.br\/2019\/?post_type=product&#038;p=216749"},"modified":"2021-09-25T15:39:43","modified_gmt":"2021-09-25T15:39:43","slug":"metodo-iniciacao-ao-contrabaixo-eletrico-luiz-chave","status":"publish","type":"product","link":"https:\/\/doremimusical.com.br\/2019\/produto\/metodo-iniciacao-ao-contrabaixo-eletrico-luiz-chave\/","title":{"rendered":"M\u00e9todo Inicia\u00e7\u00e3o ao Contrabaixo El\u00e9trico Luiz Chave"},"content":{"rendered":"<p>M\u00e9todo de inicia\u00e7\u00e3o bem abrangente, mostrando pontos como: notas, figuras, pausas, tempo, compasso, endecagrama e pentagrama, clave, postura, afina\u00e7\u00e3o, nota\u00e7\u00e3o, EXERC\u00cdCIOS, e muito mais. Conte\u00fado: Acordes com quatro sons \/ Afina\u00e7\u00e3o \/ Altera\u00e7\u00f5es \/ Campo harm\u00f4nico \/ Clave \/ Compasso \/ Diagrama do instrumento \/ Diagrama do bra\u00e7o do instrumento \/ Endecagrama \/ Escala diminuta \/ Escala menor harm\u00f4nica \/ Escala menor mel\u00f3dica \/ Escalas maiores \/ Escalas menores \/ Exerc\u00edcios para conhecer a posi\u00e7\u00e3o das notas \/ Exerc\u00edcios r\u00edtmicos \/ Extens\u00e3o das escalas \/ Figuras \/ Nota\u00e7\u00e3o da m\u00e3o esquerda \/ Nota\u00e7\u00e3o dos dedos da m\u00e3o direita \/ Notas crom\u00e1ticas \/ Notas do bra\u00e7o \/ Pausas \/ Pentagrama \/ Postura no instrumento \/ Primeiros exerc\u00edcios (notas soltas) \/ Semitom &#8211; tom \/ Significado das nota\u00e7\u00f5es \/ Tempo \/ Tocar com apoio \/ Tr\u00edades aumentadas \/ Tr\u00edades diminutas \/ Tr\u00edades maiores \/ Tr\u00edades menores. AUTOR: Luiz Chaves IDIOMA: Portugu\u00eas FORMATO: Livro \/ 72 p\u00e1ginas INSTRUMENTO: Contrabaixo EDITORA: Ricordi<\/p>\n","protected":false},"excerpt":{"rendered":"<p><img loading=\"lazy\" class=\"alignnone size-full wp-image-216662\" src=\"https:\/\/doremimusical.com.br\/2019\/wp-content\/uploads\/2021\/09\/ricordi.png\" alt=\"\" width=\"158\" height=\"49\" \/><\/p>\n","protected":false},"featured_media":216750,"template":"","meta":{"_et_pb_use_builder":"","_et_pb_old_content":"","_et_gb_content_width":""},"product_cat":[79,82,626,627],"product_tag":[],"_links":{"self":[{"href":"https:\/\/doremimusical.com.br\/2019\/wp-json\/wp\/v2\/product\/216749"}],"collection":[{"href":"https:\/\/doremimusical.com.br\/2019\/wp-json\/wp\/v2\/product"}],"about":[{"href":"https:\/\/doremimusical.com.br\/2019\/wp-json\/wp\/v2\/types\/product"}],"wp:featuredmedia":[{"embeddable":true,"href":"https:\/\/doremimusical.com.br\/2019\/wp-json\/wp\/v2\/media\/216750"}],"wp:attachment":[{"href":"https:\/\/doremimusical.com.br\/2019\/wp-json\/wp\/v2\/media?parent=216749"}],"wp:term":[{"taxonomy":"product_cat","embeddable":true,"href":"https:\/\/doremimusical.com.br\/2019\/wp-json\/wp\/v2\/product_cat?post=216749"},{"taxonomy":"product_tag","embeddable":true,"href":"https:\/\/doremimusical.com.br\/2019\/wp-json\/wp\/v2\/product_tag?post=216749"}],"curies":[{"name":"wp","href":"https:\/\/api.w.org\/{rel}","templated":true}]}}