{"id":216747,"date":"2021-09-25T15:35:27","date_gmt":"2021-09-25T15:35:27","guid":{"rendered":"https:\/\/doremimusical.com.br\/2019\/?post_type=product&#038;p=216747"},"modified":"2021-09-25T15:35:27","modified_gmt":"2021-09-25T15:35:27","slug":"metodo-de-guitarra-com-cd-daril-paris","status":"publish","type":"product","link":"https:\/\/doremimusical.com.br\/2019\/produto\/metodo-de-guitarra-com-cd-daril-paris\/","title":{"rendered":"M\u00e9todo de Guitarra com CD Daril Paris"},"content":{"rendered":"<p>M\u00e9todo guia t\u00e9cnica de guitarra &#8211; c\/ cd &#8211; daril parisi &#8211; Formato: Livro<\/p>\n","protected":false},"excerpt":{"rendered":"<p><img loading=\"lazy\" class=\"alignnone size-full wp-image-216662\" src=\"https:\/\/doremimusical.com.br\/2019\/wp-content\/uploads\/2021\/09\/ricordi.png\" alt=\"\" width=\"158\" height=\"49\" \/><\/p>\n","protected":false},"featured_media":216748,"template":"","meta":{"_et_pb_use_builder":"","_et_pb_old_content":"","_et_gb_content_width":""},"product_cat":[79,82,626,627],"product_tag":[],"_links":{"self":[{"href":"https:\/\/doremimusical.com.br\/2019\/wp-json\/wp\/v2\/product\/216747"}],"collection":[{"href":"https:\/\/doremimusical.com.br\/2019\/wp-json\/wp\/v2\/product"}],"about":[{"href":"https:\/\/doremimusical.com.br\/2019\/wp-json\/wp\/v2\/types\/product"}],"wp:featuredmedia":[{"embeddable":true,"href":"https:\/\/doremimusical.com.br\/2019\/wp-json\/wp\/v2\/media\/216748"}],"wp:attachment":[{"href":"https:\/\/doremimusical.com.br\/2019\/wp-json\/wp\/v2\/media?parent=216747"}],"wp:term":[{"taxonomy":"product_cat","embeddable":true,"href":"https:\/\/doremimusical.com.br\/2019\/wp-json\/wp\/v2\/product_cat?post=216747"},{"taxonomy":"product_tag","embeddable":true,"href":"https:\/\/doremimusical.com.br\/2019\/wp-json\/wp\/v2\/product_tag?post=216747"}],"curies":[{"name":"wp","href":"https:\/\/api.w.org\/{rel}","templated":true}]}}