{"id":216743,"date":"2021-09-25T13:02:57","date_gmt":"2021-09-25T13:02:57","guid":{"rendered":"https:\/\/doremimusical.com.br\/2019\/?post_type=product&#038;p=216743"},"modified":"2021-09-25T13:02:57","modified_gmt":"2021-09-25T13:02:57","slug":"manual-do-violeiro-braz-da-viola-com-cd","status":"publish","type":"product","link":"https:\/\/doremimusical.com.br\/2019\/produto\/manual-do-violeiro-braz-da-viola-com-cd\/","title":{"rendered":"Manual do Violeiro Braz da Viola com CD"},"content":{"rendered":"<p>MANUAL DO VIOLEIRO \u2013 ACOMPANHA CD EXPLICATIVO COM ALGUMAS M\u00daSICAS DE AUTORIA DE BRAZ DA VIOLA<br \/>\nBraz da Viola<\/p>\n<p>Este manual foi planejado numa seq\u00fc\u00eancia progressiva. Possui exerc\u00edcios pr\u00e1ticos e dicion\u00e1rio de acordes nas afina\u00e7\u00f5es Cebol\u00e3o em D (R\u00e9 Maior Aberto) e Rio-abaixo em G (Sol Maior Aberto).<\/p>\n","protected":false},"excerpt":{"rendered":"<p><img loading=\"lazy\" class=\"alignnone size-full wp-image-216662\" src=\"https:\/\/doremimusical.com.br\/2019\/wp-content\/uploads\/2021\/09\/ricordi.png\" alt=\"\" width=\"158\" height=\"49\" \/><\/p>\n","protected":false},"featured_media":216744,"template":"","meta":{"_et_pb_use_builder":"","_et_pb_old_content":"","_et_gb_content_width":""},"product_cat":[79,82,626,627],"product_tag":[],"_links":{"self":[{"href":"https:\/\/doremimusical.com.br\/2019\/wp-json\/wp\/v2\/product\/216743"}],"collection":[{"href":"https:\/\/doremimusical.com.br\/2019\/wp-json\/wp\/v2\/product"}],"about":[{"href":"https:\/\/doremimusical.com.br\/2019\/wp-json\/wp\/v2\/types\/product"}],"wp:featuredmedia":[{"embeddable":true,"href":"https:\/\/doremimusical.com.br\/2019\/wp-json\/wp\/v2\/media\/216744"}],"wp:attachment":[{"href":"https:\/\/doremimusical.com.br\/2019\/wp-json\/wp\/v2\/media?parent=216743"}],"wp:term":[{"taxonomy":"product_cat","embeddable":true,"href":"https:\/\/doremimusical.com.br\/2019\/wp-json\/wp\/v2\/product_cat?post=216743"},{"taxonomy":"product_tag","embeddable":true,"href":"https:\/\/doremimusical.com.br\/2019\/wp-json\/wp\/v2\/product_tag?post=216743"}],"curies":[{"name":"wp","href":"https:\/\/api.w.org\/{rel}","templated":true}]}}