{"id":216741,"date":"2021-09-23T22:54:47","date_gmt":"2021-09-23T22:54:47","guid":{"rendered":"https:\/\/doremimusical.com.br\/2019\/?post_type=product&#038;p=216741"},"modified":"2021-09-23T22:54:48","modified_gmt":"2021-09-23T22:54:48","slug":"curso-progressivo-de-violao-volume-2-henrique-pinto","status":"publish","type":"product","link":"https:\/\/doremimusical.com.br\/2019\/produto\/curso-progressivo-de-violao-volume-2-henrique-pinto\/","title":{"rendered":"Curso Progressivo de Viol\u00e3o Volume 2 Henrique Pinto"},"content":{"rendered":"<p>S\u00e3o 44 pe\u00e7as , abrangendo os per\u00edodos da renascen\u00e7a, barroco, cl\u00e1ssico e rom\u00e2ntico, atrav\u00e9s das quais o autor oferece ao estudante uma vis\u00e3o da evolu\u00e7\u00e3o musical correspondente a um per\u00edodo de 400 anos.<\/p>\n","protected":false},"excerpt":{"rendered":"<p><img loading=\"lazy\" class=\"alignnone size-full wp-image-216662\" src=\"https:\/\/doremimusical.com.br\/2019\/wp-content\/uploads\/2021\/09\/ricordi.png\" alt=\"\" width=\"158\" height=\"49\" \/><\/p>\n","protected":false},"featured_media":216742,"template":"","meta":{"_et_pb_use_builder":"","_et_pb_old_content":"","_et_gb_content_width":""},"product_cat":[79,82,626,627],"product_tag":[],"_links":{"self":[{"href":"https:\/\/doremimusical.com.br\/2019\/wp-json\/wp\/v2\/product\/216741"}],"collection":[{"href":"https:\/\/doremimusical.com.br\/2019\/wp-json\/wp\/v2\/product"}],"about":[{"href":"https:\/\/doremimusical.com.br\/2019\/wp-json\/wp\/v2\/types\/product"}],"wp:featuredmedia":[{"embeddable":true,"href":"https:\/\/doremimusical.com.br\/2019\/wp-json\/wp\/v2\/media\/216742"}],"wp:attachment":[{"href":"https:\/\/doremimusical.com.br\/2019\/wp-json\/wp\/v2\/media?parent=216741"}],"wp:term":[{"taxonomy":"product_cat","embeddable":true,"href":"https:\/\/doremimusical.com.br\/2019\/wp-json\/wp\/v2\/product_cat?post=216741"},{"taxonomy":"product_tag","embeddable":true,"href":"https:\/\/doremimusical.com.br\/2019\/wp-json\/wp\/v2\/product_tag?post=216741"}],"curies":[{"name":"wp","href":"https:\/\/api.w.org\/{rel}","templated":true}]}}