{"id":216739,"date":"2021-09-23T22:47:07","date_gmt":"2021-09-23T22:47:07","guid":{"rendered":"https:\/\/doremimusical.com.br\/2019\/?post_type=product&#038;p=216739"},"modified":"2021-09-23T22:47:08","modified_gmt":"2021-09-23T22:47:08","slug":"iniciacao-ao-violao-henrique-pinto-volume-1","status":"publish","type":"product","link":"https:\/\/doremimusical.com.br\/2019\/produto\/iniciacao-ao-violao-henrique-pinto-volume-1\/","title":{"rendered":"Inicia\u00e7\u00e3o ao Viol\u00e3o Henrique Pinto Volume 1"},"content":{"rendered":"<p>Um otimo m\u00e9todo, indicado para iniciantes no viol\u00e3o. Excelente para aprender conceitos b\u00e1sicos, que ajudar\u00e3o o estudante a tocar melhor, e ter uma postura confort\u00e1vel com o viol\u00e3o. Apresenta exerc\u00edcios gradativos, atrav\u00e9s de pe\u00e7as que a cada p\u00e1gina aumenta o n\u00edvel de dificuldade.<\/p>\n","protected":false},"excerpt":{"rendered":"<p><img loading=\"lazy\" class=\"alignnone size-full wp-image-216662\" src=\"https:\/\/doremimusical.com.br\/2019\/wp-content\/uploads\/2021\/09\/ricordi.png\" alt=\"\" width=\"158\" height=\"49\" \/><\/p>\n","protected":false},"featured_media":216740,"template":"","meta":{"_et_pb_use_builder":"","_et_pb_old_content":"","_et_gb_content_width":""},"product_cat":[79,82,626,627],"product_tag":[],"_links":{"self":[{"href":"https:\/\/doremimusical.com.br\/2019\/wp-json\/wp\/v2\/product\/216739"}],"collection":[{"href":"https:\/\/doremimusical.com.br\/2019\/wp-json\/wp\/v2\/product"}],"about":[{"href":"https:\/\/doremimusical.com.br\/2019\/wp-json\/wp\/v2\/types\/product"}],"wp:featuredmedia":[{"embeddable":true,"href":"https:\/\/doremimusical.com.br\/2019\/wp-json\/wp\/v2\/media\/216740"}],"wp:attachment":[{"href":"https:\/\/doremimusical.com.br\/2019\/wp-json\/wp\/v2\/media?parent=216739"}],"wp:term":[{"taxonomy":"product_cat","embeddable":true,"href":"https:\/\/doremimusical.com.br\/2019\/wp-json\/wp\/v2\/product_cat?post=216739"},{"taxonomy":"product_tag","embeddable":true,"href":"https:\/\/doremimusical.com.br\/2019\/wp-json\/wp\/v2\/product_tag?post=216739"}],"curies":[{"name":"wp","href":"https:\/\/api.w.org\/{rel}","templated":true}]}}