{"id":216736,"date":"2021-09-23T22:34:08","date_gmt":"2021-09-23T22:34:08","guid":{"rendered":"https:\/\/doremimusical.com.br\/2019\/?post_type=product&#038;p=216736"},"modified":"2021-09-23T22:34:08","modified_gmt":"2021-09-23T22:34:08","slug":"meu-livro-de-teoria-volume-2-stward","status":"publish","type":"product","link":"https:\/\/doremimusical.com.br\/2019\/produto\/meu-livro-de-teoria-volume-2-stward\/","title":{"rendered":"Meu Livro de Teoria Volume 2 STWARD"},"content":{"rendered":"<p>Neste livro volume 2 a crian\u00e7a aprender\u00e1, por meio de exerc\u00edcios pr\u00e1ticos e interessantes, ESCALAS, TOM, SEMITOM, NOTAS, INTERVALOS, GRAUS TONAIS E GRAUS MODAIS, ACORDES, etc., como prepara\u00e7\u00e3o ao estudo mais aprofundado da mat\u00e9ria.<\/p>\n","protected":false},"excerpt":{"rendered":"<p><img loading=\"lazy\" class=\"alignnone size-full wp-image-216662\" src=\"https:\/\/doremimusical.com.br\/2019\/wp-content\/uploads\/2021\/09\/ricordi.png\" alt=\"\" width=\"158\" height=\"49\" \/><\/p>\n","protected":false},"featured_media":216738,"template":"","meta":{"_et_pb_use_builder":"","_et_pb_old_content":"","_et_gb_content_width":""},"product_cat":[79,82,626,627],"product_tag":[],"_links":{"self":[{"href":"https:\/\/doremimusical.com.br\/2019\/wp-json\/wp\/v2\/product\/216736"}],"collection":[{"href":"https:\/\/doremimusical.com.br\/2019\/wp-json\/wp\/v2\/product"}],"about":[{"href":"https:\/\/doremimusical.com.br\/2019\/wp-json\/wp\/v2\/types\/product"}],"wp:featuredmedia":[{"embeddable":true,"href":"https:\/\/doremimusical.com.br\/2019\/wp-json\/wp\/v2\/media\/216738"}],"wp:attachment":[{"href":"https:\/\/doremimusical.com.br\/2019\/wp-json\/wp\/v2\/media?parent=216736"}],"wp:term":[{"taxonomy":"product_cat","embeddable":true,"href":"https:\/\/doremimusical.com.br\/2019\/wp-json\/wp\/v2\/product_cat?post=216736"},{"taxonomy":"product_tag","embeddable":true,"href":"https:\/\/doremimusical.com.br\/2019\/wp-json\/wp\/v2\/product_tag?post=216736"}],"curies":[{"name":"wp","href":"https:\/\/api.w.org\/{rel}","templated":true}]}}