{"id":216734,"date":"2021-09-23T22:31:24","date_gmt":"2021-09-23T22:31:24","guid":{"rendered":"https:\/\/doremimusical.com.br\/2019\/?post_type=product&#038;p=216734"},"modified":"2021-09-23T22:31:24","modified_gmt":"2021-09-23T22:31:24","slug":"meu-livro-de-teoria-volume-1-stward","status":"publish","type":"product","link":"https:\/\/doremimusical.com.br\/2019\/produto\/meu-livro-de-teoria-volume-1-stward\/","title":{"rendered":"Meu Livro de Teoria Volume 1 STWARD"},"content":{"rendered":"<p>Este livro foi criado especialmente para crian\u00e7as, onde elas aprender\u00e3o, por meio de exerc\u00edcios pr\u00e1ticos e interessantes, notas, valores, pausas, claves, compassos, fraseado, entre muitas outras coisas. \u00c9 uma prepara\u00e7\u00e3o ao estudo mais aprofundado da mat\u00e9ria e pode ser adotado em col\u00e9gios ou em uso particular.<\/p>\n<p>MEU LIVRO DE TEORIA 1\u00b0 VOLUME<br \/>\nPara o curso inicial da m\u00fasica<\/p>\n<p>&#8211; Autor: Margaret E. Steward<br \/>\n&#8211; Editora: CN \/ Ricordi Brasileira<br \/>\n&#8211; Com figuras ilustrativas<br \/>\n&#8211; N\u00famero de p\u00e1ginas: 136<br \/>\n&#8211; Idioma: portugu\u00eas<\/p>\n","protected":false},"excerpt":{"rendered":"<p><img loading=\"lazy\" class=\"alignnone size-full wp-image-216662\" src=\"https:\/\/doremimusical.com.br\/2019\/wp-content\/uploads\/2021\/09\/ricordi.png\" alt=\"\" width=\"158\" height=\"49\" \/><\/p>\n","protected":false},"featured_media":216735,"template":"","meta":{"_et_pb_use_builder":"","_et_pb_old_content":"","_et_gb_content_width":""},"product_cat":[79,82,626,627],"product_tag":[],"_links":{"self":[{"href":"https:\/\/doremimusical.com.br\/2019\/wp-json\/wp\/v2\/product\/216734"}],"collection":[{"href":"https:\/\/doremimusical.com.br\/2019\/wp-json\/wp\/v2\/product"}],"about":[{"href":"https:\/\/doremimusical.com.br\/2019\/wp-json\/wp\/v2\/types\/product"}],"wp:featuredmedia":[{"embeddable":true,"href":"https:\/\/doremimusical.com.br\/2019\/wp-json\/wp\/v2\/media\/216735"}],"wp:attachment":[{"href":"https:\/\/doremimusical.com.br\/2019\/wp-json\/wp\/v2\/media?parent=216734"}],"wp:term":[{"taxonomy":"product_cat","embeddable":true,"href":"https:\/\/doremimusical.com.br\/2019\/wp-json\/wp\/v2\/product_cat?post=216734"},{"taxonomy":"product_tag","embeddable":true,"href":"https:\/\/doremimusical.com.br\/2019\/wp-json\/wp\/v2\/product_tag?post=216734"}],"curies":[{"name":"wp","href":"https:\/\/api.w.org\/{rel}","templated":true}]}}