{"id":216729,"date":"2021-09-23T21:39:53","date_gmt":"2021-09-23T21:39:53","guid":{"rendered":"https:\/\/doremimusical.com.br\/2019\/?post_type=product&#038;p=216729"},"modified":"2021-09-23T21:40:51","modified_gmt":"2021-09-23T21:40:51","slug":"bona-na-clave-de-fa","status":"publish","type":"product","link":"https:\/\/doremimusical.com.br\/2019\/produto\/bona-na-clave-de-fa\/","title":{"rendered":"Bona na Clave de F\u00e1 &#8211; Pascual"},"content":{"rendered":"<p>M\u00e9todo completo de Divis\u00e3o Musical para solfejo e estudo da clave de F\u00e1. Escrito por Paschoal Bona e impresso pela editora Ricordi do Brasil. Cont\u00e9m 40 p\u00e1ginas com li\u00e7\u00f5es e uma pequena introdu\u00e7\u00e3o \u00e0 teoria.<\/p>\n","protected":false},"excerpt":{"rendered":"<p><img loading=\"lazy\" class=\"alignnone size-full wp-image-216662\" src=\"https:\/\/doremimusical.com.br\/2019\/wp-content\/uploads\/2021\/09\/ricordi.png\" alt=\"\" width=\"158\" height=\"49\" \/><\/p>\n","protected":false},"featured_media":216730,"template":"","meta":{"_et_pb_use_builder":"","_et_pb_old_content":"","_et_gb_content_width":""},"product_cat":[79,82,626,627],"product_tag":[],"_links":{"self":[{"href":"https:\/\/doremimusical.com.br\/2019\/wp-json\/wp\/v2\/product\/216729"}],"collection":[{"href":"https:\/\/doremimusical.com.br\/2019\/wp-json\/wp\/v2\/product"}],"about":[{"href":"https:\/\/doremimusical.com.br\/2019\/wp-json\/wp\/v2\/types\/product"}],"wp:featuredmedia":[{"embeddable":true,"href":"https:\/\/doremimusical.com.br\/2019\/wp-json\/wp\/v2\/media\/216730"}],"wp:attachment":[{"href":"https:\/\/doremimusical.com.br\/2019\/wp-json\/wp\/v2\/media?parent=216729"}],"wp:term":[{"taxonomy":"product_cat","embeddable":true,"href":"https:\/\/doremimusical.com.br\/2019\/wp-json\/wp\/v2\/product_cat?post=216729"},{"taxonomy":"product_tag","embeddable":true,"href":"https:\/\/doremimusical.com.br\/2019\/wp-json\/wp\/v2\/product_tag?post=216729"}],"curies":[{"name":"wp","href":"https:\/\/api.w.org\/{rel}","templated":true}]}}