{"id":216727,"date":"2021-09-23T21:23:35","date_gmt":"2021-09-23T21:23:35","guid":{"rendered":"https:\/\/doremimusical.com.br\/2019\/?post_type=product&#038;p=216727"},"modified":"2021-09-23T21:23:35","modified_gmt":"2021-09-23T21:23:35","slug":"bona-pascual-metodo-completo-de-divisao-musical","status":"publish","type":"product","link":"https:\/\/doremimusical.com.br\/2019\/produto\/bona-pascual-metodo-completo-de-divisao-musical\/","title":{"rendered":"Bona Pascual M\u00e9todo Completo de Divis\u00e3o Musical"},"content":{"rendered":"<p>M\u00e9todo completo de Divis\u00e3o Musical para solfejo e estudo da clave de Sol. Uma breve s\u00e9rie de Solfejos Cantados de progressiva dificuldade, aplicando nestes solfejos tamb\u00e9m uma leitura graduada e alternada nas diversas claves.<\/p>\n","protected":false},"excerpt":{"rendered":"<p><img loading=\"lazy\" class=\"alignnone size-full wp-image-216662\" src=\"https:\/\/doremimusical.com.br\/2019\/wp-content\/uploads\/2021\/09\/ricordi.png\" alt=\"\" width=\"158\" height=\"49\" \/><\/p>\n","protected":false},"featured_media":216728,"template":"","meta":{"_et_pb_use_builder":"","_et_pb_old_content":"","_et_gb_content_width":""},"product_cat":[79,82,626,627],"product_tag":[],"_links":{"self":[{"href":"https:\/\/doremimusical.com.br\/2019\/wp-json\/wp\/v2\/product\/216727"}],"collection":[{"href":"https:\/\/doremimusical.com.br\/2019\/wp-json\/wp\/v2\/product"}],"about":[{"href":"https:\/\/doremimusical.com.br\/2019\/wp-json\/wp\/v2\/types\/product"}],"wp:featuredmedia":[{"embeddable":true,"href":"https:\/\/doremimusical.com.br\/2019\/wp-json\/wp\/v2\/media\/216728"}],"wp:attachment":[{"href":"https:\/\/doremimusical.com.br\/2019\/wp-json\/wp\/v2\/media?parent=216727"}],"wp:term":[{"taxonomy":"product_cat","embeddable":true,"href":"https:\/\/doremimusical.com.br\/2019\/wp-json\/wp\/v2\/product_cat?post=216727"},{"taxonomy":"product_tag","embeddable":true,"href":"https:\/\/doremimusical.com.br\/2019\/wp-json\/wp\/v2\/product_tag?post=216727"}],"curies":[{"name":"wp","href":"https:\/\/api.w.org\/{rel}","templated":true}]}}