{"id":216725,"date":"2021-09-23T21:15:50","date_gmt":"2021-09-23T21:15:50","guid":{"rendered":"https:\/\/doremimusical.com.br\/2019\/?post_type=product&#038;p=216725"},"modified":"2021-09-23T21:15:50","modified_gmt":"2021-09-23T21:15:50","slug":"pozzoli-guia-teorico-pratoco-parte-3-e-4","status":"publish","type":"product","link":"https:\/\/doremimusical.com.br\/2019\/produto\/pozzoli-guia-teorico-pratoco-parte-3-e-4\/","title":{"rendered":"Pozzoli Guia Te\u00f3rico Pr\u00e1toco &#8211; Parte 3 E 4"},"content":{"rendered":"<p>Este m\u00e9todo, de autoria de Heitor Pozzzoli, \u00e9 um guia te\u00f3rico e pr\u00e1tico completo e claro para o ensino do ditado musical.<\/p>\n<p>Os exerc\u00edcios do ditado desenvolvem extraordinariamente a intelig\u00eancia musical do aluno, trazendo diversos benef\u00edcios para qualquer um que deseja se formar em diversos ramos da m\u00fasica, como cantor, instrumentista ou compositor.<br \/>\nA educa\u00e7\u00e3o do ouvido, quer pelo lado entoativo, quer pelo lado r\u00edtmico, s\u00f3 pode ser ministrada de uma maneira completa e eficaz, com o aux\u00edlio do ditado musical. Para isto o professor Heitor Pozzoli procurou colocar em um m\u00e9todo este ensino de forma simplificada e eficiente.<\/p>\n","protected":false},"excerpt":{"rendered":"<p><img loading=\"lazy\" class=\"alignnone size-full wp-image-216662\" src=\"https:\/\/doremimusical.com.br\/2019\/wp-content\/uploads\/2021\/09\/ricordi.png\" alt=\"\" width=\"158\" height=\"49\" \/><\/p>\n","protected":false},"featured_media":216726,"template":"","meta":{"_et_pb_use_builder":"","_et_pb_old_content":"","_et_gb_content_width":""},"product_cat":[79,82,626,627],"product_tag":[],"_links":{"self":[{"href":"https:\/\/doremimusical.com.br\/2019\/wp-json\/wp\/v2\/product\/216725"}],"collection":[{"href":"https:\/\/doremimusical.com.br\/2019\/wp-json\/wp\/v2\/product"}],"about":[{"href":"https:\/\/doremimusical.com.br\/2019\/wp-json\/wp\/v2\/types\/product"}],"wp:featuredmedia":[{"embeddable":true,"href":"https:\/\/doremimusical.com.br\/2019\/wp-json\/wp\/v2\/media\/216726"}],"wp:attachment":[{"href":"https:\/\/doremimusical.com.br\/2019\/wp-json\/wp\/v2\/media?parent=216725"}],"wp:term":[{"taxonomy":"product_cat","embeddable":true,"href":"https:\/\/doremimusical.com.br\/2019\/wp-json\/wp\/v2\/product_cat?post=216725"},{"taxonomy":"product_tag","embeddable":true,"href":"https:\/\/doremimusical.com.br\/2019\/wp-json\/wp\/v2\/product_tag?post=216725"}],"curies":[{"name":"wp","href":"https:\/\/api.w.org\/{rel}","templated":true}]}}