{"id":216718,"date":"2021-09-23T20:53:11","date_gmt":"2021-09-23T20:53:11","guid":{"rendered":"https:\/\/doremimusical.com.br\/2019\/?post_type=product&#038;p=216718"},"modified":"2021-09-23T20:53:12","modified_gmt":"2021-09-23T20:53:12","slug":"leila-fletcher-curso-para-piano-volume-2","status":"publish","type":"product","link":"https:\/\/doremimusical.com.br\/2019\/produto\/leila-fletcher-curso-para-piano-volume-2\/","title":{"rendered":"Leila Fletcher Curso para Piano Volume 2"},"content":{"rendered":"<p>AGORA EM PORTUGU\u00caS! Chegou o volume 2 do Curso Leila Fletcher pensado especialmente para crian\u00e7as. O Curso Leila Fletcher engloba uma s\u00e9rie de publica\u00e7\u00f5es que v\u00e3o gradualmente preparando o aluno para se tornar um instrumentista que alia a t\u00e9cnica com a criatividade, com o prazer de ser um pianista. O m\u00e9todo vem sendo testado h\u00e1 d\u00e9cadas com sucesso e j\u00e1 formou um sem-n\u00famero de pianista em todo o mundo. Ideal para professores e alunos que pretendem despertar continuamente seu interesse pela m\u00fasica e sua execu\u00e7\u00e3o.<\/p>\n","protected":false},"excerpt":{"rendered":"<p><img loading=\"lazy\" class=\"alignnone size-full wp-image-216662\" src=\"https:\/\/doremimusical.com.br\/2019\/wp-content\/uploads\/2021\/09\/ricordi.png\" alt=\"\" width=\"158\" height=\"49\" \/><\/p>\n","protected":false},"featured_media":216719,"template":"","meta":{"_et_pb_use_builder":"","_et_pb_old_content":"","_et_gb_content_width":""},"product_cat":[79,82,626,627],"product_tag":[],"_links":{"self":[{"href":"https:\/\/doremimusical.com.br\/2019\/wp-json\/wp\/v2\/product\/216718"}],"collection":[{"href":"https:\/\/doremimusical.com.br\/2019\/wp-json\/wp\/v2\/product"}],"about":[{"href":"https:\/\/doremimusical.com.br\/2019\/wp-json\/wp\/v2\/types\/product"}],"wp:featuredmedia":[{"embeddable":true,"href":"https:\/\/doremimusical.com.br\/2019\/wp-json\/wp\/v2\/media\/216719"}],"wp:attachment":[{"href":"https:\/\/doremimusical.com.br\/2019\/wp-json\/wp\/v2\/media?parent=216718"}],"wp:term":[{"taxonomy":"product_cat","embeddable":true,"href":"https:\/\/doremimusical.com.br\/2019\/wp-json\/wp\/v2\/product_cat?post=216718"},{"taxonomy":"product_tag","embeddable":true,"href":"https:\/\/doremimusical.com.br\/2019\/wp-json\/wp\/v2\/product_tag?post=216718"}],"curies":[{"name":"wp","href":"https:\/\/api.w.org\/{rel}","templated":true}]}}