{"id":216710,"date":"2021-09-23T19:47:42","date_gmt":"2021-09-23T19:47:42","guid":{"rendered":"https:\/\/doremimusical.com.br\/2019\/?post_type=product&#038;p=216710"},"modified":"2021-09-23T19:47:42","modified_gmt":"2021-09-23T19:47:42","slug":"meu-piano-e-divertido-volume-2-botelho","status":"publish","type":"product","link":"https:\/\/doremimusical.com.br\/2019\/produto\/meu-piano-e-divertido-volume-2-botelho\/","title":{"rendered":"Meu Piano \u00e9 Divertido Volume 2 Botelho"},"content":{"rendered":"<p>Meu Piano Divertido \u00e9 voltado para o p\u00fablico iniciante, de modo especial as crian\u00e7as. Al\u00e9m de ensinar, proporciona prazer e alegria aos estudantes, em sua pr\u00e1tica, n\u00e3o destru\u00edndo assim o amor natural que a maioria deles sente pela m\u00fasica.\u00a0Iniciar o estudo com a Clave de Sol e de F\u00e1 ao mesmo tempo, torna o aprendizado mais f\u00e1cil, pois os alunos n\u00e3o precisam decorar as notas em outra clave depois que j\u00e1 as conhecem t\u00e3o bem na Clave de Sol evitando assim confus\u00e3o e compara\u00e7\u00f5es indevidas. As li\u00e7\u00f5es mais curtas s\u00e3o sempre mais bem recebidas e a apresenta\u00e7\u00e3o da materia &#8220;Passoa a Passo&#8221;, torna-a mais interessante e mais facilmente compreendida.<\/p>\n","protected":false},"excerpt":{"rendered":"<p><img loading=\"lazy\" class=\"alignnone size-full wp-image-216662\" src=\"https:\/\/doremimusical.com.br\/2019\/wp-content\/uploads\/2021\/09\/ricordi.png\" alt=\"\" width=\"158\" height=\"49\" \/><\/p>\n","protected":false},"featured_media":216713,"template":"","meta":{"_et_pb_use_builder":"","_et_pb_old_content":"","_et_gb_content_width":""},"product_cat":[79,82,626,627],"product_tag":[],"_links":{"self":[{"href":"https:\/\/doremimusical.com.br\/2019\/wp-json\/wp\/v2\/product\/216710"}],"collection":[{"href":"https:\/\/doremimusical.com.br\/2019\/wp-json\/wp\/v2\/product"}],"about":[{"href":"https:\/\/doremimusical.com.br\/2019\/wp-json\/wp\/v2\/types\/product"}],"wp:featuredmedia":[{"embeddable":true,"href":"https:\/\/doremimusical.com.br\/2019\/wp-json\/wp\/v2\/media\/216713"}],"wp:attachment":[{"href":"https:\/\/doremimusical.com.br\/2019\/wp-json\/wp\/v2\/media?parent=216710"}],"wp:term":[{"taxonomy":"product_cat","embeddable":true,"href":"https:\/\/doremimusical.com.br\/2019\/wp-json\/wp\/v2\/product_cat?post=216710"},{"taxonomy":"product_tag","embeddable":true,"href":"https:\/\/doremimusical.com.br\/2019\/wp-json\/wp\/v2\/product_tag?post=216710"}],"curies":[{"name":"wp","href":"https:\/\/api.w.org\/{rel}","templated":true}]}}