{"id":216706,"date":"2021-09-23T19:30:28","date_gmt":"2021-09-23T19:30:28","guid":{"rendered":"https:\/\/doremimusical.com.br\/2019\/?post_type=product&#038;p=216706"},"modified":"2021-09-23T19:30:29","modified_gmt":"2021-09-23T19:30:29","slug":"meu-piano-e-divertido-volume-1","status":"publish","type":"product","link":"https:\/\/doremimusical.com.br\/2019\/produto\/meu-piano-e-divertido-volume-1\/","title":{"rendered":"Meu Piano \u00e9 Divertido Volume 1"},"content":{"rendered":"<p>Iniciar o estudo com a Clave de Sol e de F\u00e1 ao mesmo tempo, torna o aprendizado mais f\u00e1cil, pois os alunos n\u00e3o precisam decorar as notas em outra clave depois que j\u00e1 as conhecem t\u00e3o bem na Clave de Sol, evitando confus\u00e3o e compara\u00e7\u00f5es indevidas. As li\u00e7\u00f5es mais curtas s\u00e3o sempre mais bem recebidas, e a apresenta\u00e7\u00e3o da mat\u00e9ria passo a passo, torna-a mais interessante e mais facilmente compreendida. Ao apresentar-lhe este m\u00e9todo, gostar\u00edamos de dizer que, durante 20 anos de ensino de piano para alunos com idades que variam de 4 aos 25 anos, nossa maior satisfa\u00e7\u00e3o tem sido trabalhar com principiantes, de modo especial crian\u00e7as.<\/p>\n","protected":false},"excerpt":{"rendered":"<p><img loading=\"lazy\" class=\"alignnone size-full wp-image-216662\" src=\"https:\/\/doremimusical.com.br\/2019\/wp-content\/uploads\/2021\/09\/ricordi.png\" alt=\"\" width=\"158\" height=\"49\" \/><\/p>\n","protected":false},"featured_media":216708,"template":"","meta":{"_et_pb_use_builder":"","_et_pb_old_content":"","_et_gb_content_width":""},"product_cat":[79,82,626,627],"product_tag":[],"_links":{"self":[{"href":"https:\/\/doremimusical.com.br\/2019\/wp-json\/wp\/v2\/product\/216706"}],"collection":[{"href":"https:\/\/doremimusical.com.br\/2019\/wp-json\/wp\/v2\/product"}],"about":[{"href":"https:\/\/doremimusical.com.br\/2019\/wp-json\/wp\/v2\/types\/product"}],"wp:featuredmedia":[{"embeddable":true,"href":"https:\/\/doremimusical.com.br\/2019\/wp-json\/wp\/v2\/media\/216708"}],"wp:attachment":[{"href":"https:\/\/doremimusical.com.br\/2019\/wp-json\/wp\/v2\/media?parent=216706"}],"wp:term":[{"taxonomy":"product_cat","embeddable":true,"href":"https:\/\/doremimusical.com.br\/2019\/wp-json\/wp\/v2\/product_cat?post=216706"},{"taxonomy":"product_tag","embeddable":true,"href":"https:\/\/doremimusical.com.br\/2019\/wp-json\/wp\/v2\/product_tag?post=216706"}],"curies":[{"name":"wp","href":"https:\/\/api.w.org\/{rel}","templated":true}]}}