{"id":216702,"date":"2021-09-22T22:40:02","date_gmt":"2021-09-22T22:40:02","guid":{"rendered":"https:\/\/doremimusical.com.br\/2019\/?post_type=product&#038;p=216702"},"modified":"2021-09-22T22:40:03","modified_gmt":"2021-09-22T22:40:03","slug":"czerny-barrozo-netto-coletanea-volume-5-para-piano-divididas-em-seis-volumes","status":"publish","type":"product","link":"https:\/\/doremimusical.com.br\/2019\/produto\/czerny-barrozo-netto-coletanea-volume-5-para-piano-divididas-em-seis-volumes\/","title":{"rendered":"Czerny- Barrozo Netto Colet\u00e2nea Volume 5 Para Piano Divididas em seis Volumes"},"content":{"rendered":"<p>Essa colet\u00e2nea se trata de uma compila\u00e7\u00e3o dos melhores estudos de Czerny, que foram distribu\u00eddos em 6 volumes e organizados em ordem gradativa de dificuldade. Este \u00e9 o segundo (5\u00ba) volume, com 35 estudos.<br \/>\nUma obra adotada oficialmente em todos os conservat\u00f3rios e institutos musicais do pa\u00eds.<br \/>\nUma imperd\u00edvel cole\u00e7\u00e3o para estudo e obras maravilhosas para execu\u00e7\u00e3o.<\/p>\n","protected":false},"excerpt":{"rendered":"<p><img loading=\"lazy\" class=\"alignnone size-full wp-image-216662\" src=\"https:\/\/doremimusical.com.br\/2019\/wp-content\/uploads\/2021\/09\/ricordi.png\" alt=\"\" width=\"158\" height=\"49\" \/><\/p>\n","protected":false},"featured_media":216704,"template":"","meta":{"_et_pb_use_builder":"","_et_pb_old_content":"","_et_gb_content_width":""},"product_cat":[79,82,626,627],"product_tag":[],"_links":{"self":[{"href":"https:\/\/doremimusical.com.br\/2019\/wp-json\/wp\/v2\/product\/216702"}],"collection":[{"href":"https:\/\/doremimusical.com.br\/2019\/wp-json\/wp\/v2\/product"}],"about":[{"href":"https:\/\/doremimusical.com.br\/2019\/wp-json\/wp\/v2\/types\/product"}],"wp:featuredmedia":[{"embeddable":true,"href":"https:\/\/doremimusical.com.br\/2019\/wp-json\/wp\/v2\/media\/216704"}],"wp:attachment":[{"href":"https:\/\/doremimusical.com.br\/2019\/wp-json\/wp\/v2\/media?parent=216702"}],"wp:term":[{"taxonomy":"product_cat","embeddable":true,"href":"https:\/\/doremimusical.com.br\/2019\/wp-json\/wp\/v2\/product_cat?post=216702"},{"taxonomy":"product_tag","embeddable":true,"href":"https:\/\/doremimusical.com.br\/2019\/wp-json\/wp\/v2\/product_tag?post=216702"}],"curies":[{"name":"wp","href":"https:\/\/api.w.org\/{rel}","templated":true}]}}