{"id":216699,"date":"2021-09-22T18:27:00","date_gmt":"2021-09-22T18:27:00","guid":{"rendered":"https:\/\/doremimusical.com.br\/2019\/?post_type=product&#038;p=216699"},"modified":"2021-09-22T18:27:00","modified_gmt":"2021-09-22T18:27:00","slug":"o-pequeno-pianista-kohler","status":"publish","type":"product","link":"https:\/\/doremimusical.com.br\/2019\/produto\/o-pequeno-pianista-kohler\/","title":{"rendered":"O Pequeno Pianista Kohler"},"content":{"rendered":"<p>Compositor e professor alem\u00e3o, deixou uma vasta quantidadede obras did\u00e1ticas voltadas ao piano. O Pequeno Pianista Opus 189&#8220; apresenta 40 pequenas pe\u00e7as, que v\u00e3o desde semibreves em oitava, passando por acordes, at\u00e9 ter\u00e7as paralelas na m\u00e3o direita.<\/p>\n","protected":false},"excerpt":{"rendered":"<p><img loading=\"lazy\" class=\"alignnone size-full wp-image-216662\" src=\"https:\/\/doremimusical.com.br\/2019\/wp-content\/uploads\/2021\/09\/ricordi.png\" alt=\"\" width=\"158\" height=\"49\" \/><\/p>\n","protected":false},"featured_media":216700,"template":"","meta":{"_et_pb_use_builder":"","_et_pb_old_content":"","_et_gb_content_width":""},"product_cat":[79,82,626,627],"product_tag":[],"_links":{"self":[{"href":"https:\/\/doremimusical.com.br\/2019\/wp-json\/wp\/v2\/product\/216699"}],"collection":[{"href":"https:\/\/doremimusical.com.br\/2019\/wp-json\/wp\/v2\/product"}],"about":[{"href":"https:\/\/doremimusical.com.br\/2019\/wp-json\/wp\/v2\/types\/product"}],"wp:featuredmedia":[{"embeddable":true,"href":"https:\/\/doremimusical.com.br\/2019\/wp-json\/wp\/v2\/media\/216700"}],"wp:attachment":[{"href":"https:\/\/doremimusical.com.br\/2019\/wp-json\/wp\/v2\/media?parent=216699"}],"wp:term":[{"taxonomy":"product_cat","embeddable":true,"href":"https:\/\/doremimusical.com.br\/2019\/wp-json\/wp\/v2\/product_cat?post=216699"},{"taxonomy":"product_tag","embeddable":true,"href":"https:\/\/doremimusical.com.br\/2019\/wp-json\/wp\/v2\/product_tag?post=216699"}],"curies":[{"name":"wp","href":"https:\/\/api.w.org\/{rel}","templated":true}]}}