{"id":216693,"date":"2021-09-22T18:13:18","date_gmt":"2021-09-22T18:13:18","guid":{"rendered":"https:\/\/doremimusical.com.br\/2019\/?post_type=product&#038;p=216693"},"modified":"2021-09-22T18:13:19","modified_gmt":"2021-09-22T18:13:19","slug":"o-pianista-virtuoso-hanon","status":"publish","type":"product","link":"https:\/\/doremimusical.com.br\/2019\/produto\/o-pianista-virtuoso-hanon\/","title":{"rendered":"O Pianista Virtuoso Hanon"},"content":{"rendered":"<p>O m\u00e9todo Pianista Virtuoso se comp\u00f5e com 60 exerc\u00edcios indispens\u00e1veis para adquirir agilidade, independ\u00eancia, perfei\u00e7\u00e3o e flexibilidade na t\u00e9cnica e leveza dos pulsos, isto \u00e9, tudo o que \u00e9 necess\u00e1rio e indispens\u00e1vel para uma execu\u00e7\u00e3o perfeita.<br \/>\nEstes exerc\u00edcios est\u00e3o reunidos de tal maneira que o pianista, depois de ter tocado algumas vezes, pode execut\u00e1-Los num tempo t\u00e3o acelerado quanto poss\u00edvel, o que \u00e9 sem d\u00favida um magn\u00edfico exerc\u00edcio para os dedos em todos os sentidos<\/p>\n","protected":false},"excerpt":{"rendered":"<p><img loading=\"lazy\" class=\"alignnone size-full wp-image-216662\" src=\"https:\/\/doremimusical.com.br\/2019\/wp-content\/uploads\/2021\/09\/ricordi.png\" alt=\"\" width=\"158\" height=\"49\" \/><\/p>\n","protected":false},"featured_media":216694,"template":"","meta":{"_et_pb_use_builder":"","_et_pb_old_content":"","_et_gb_content_width":""},"product_cat":[79,82,626,627],"product_tag":[],"_links":{"self":[{"href":"https:\/\/doremimusical.com.br\/2019\/wp-json\/wp\/v2\/product\/216693"}],"collection":[{"href":"https:\/\/doremimusical.com.br\/2019\/wp-json\/wp\/v2\/product"}],"about":[{"href":"https:\/\/doremimusical.com.br\/2019\/wp-json\/wp\/v2\/types\/product"}],"wp:featuredmedia":[{"embeddable":true,"href":"https:\/\/doremimusical.com.br\/2019\/wp-json\/wp\/v2\/media\/216694"}],"wp:attachment":[{"href":"https:\/\/doremimusical.com.br\/2019\/wp-json\/wp\/v2\/media?parent=216693"}],"wp:term":[{"taxonomy":"product_cat","embeddable":true,"href":"https:\/\/doremimusical.com.br\/2019\/wp-json\/wp\/v2\/product_cat?post=216693"},{"taxonomy":"product_tag","embeddable":true,"href":"https:\/\/doremimusical.com.br\/2019\/wp-json\/wp\/v2\/product_tag?post=216693"}],"curies":[{"name":"wp","href":"https:\/\/api.w.org\/{rel}","templated":true}]}}