{"id":216688,"date":"2021-09-22T17:43:44","date_gmt":"2021-09-22T17:43:44","guid":{"rendered":"https:\/\/doremimusical.com.br\/2019\/?post_type=product&#038;p=216688"},"modified":"2021-09-22T17:43:45","modified_gmt":"2021-09-22T17:43:45","slug":"a-dose-do-dia-1-livro","status":"publish","type":"product","link":"https:\/\/doremimusical.com.br\/2019\/produto\/a-dose-do-dia-1-livro\/","title":{"rendered":"A Dose do Dia 1\u00b0 Livro"},"content":{"rendered":"<p>Este livro da s\u00e9rie &#8220;A dose do dia&#8221; apresenta 60 exerc\u00edcios t\u00e9cnicos de n\u00edvel elementar para piano, reunidos em 5 grupos, que possibilitam um aquecimento progressivo para as m\u00e3os e devem ser praticados todos os dias, antes da aula.<\/p>\n","protected":false},"excerpt":{"rendered":"<p><img loading=\"lazy\" class=\"alignnone size-full wp-image-216662\" src=\"https:\/\/doremimusical.com.br\/2019\/wp-content\/uploads\/2021\/09\/ricordi.png\" alt=\"\" width=\"158\" height=\"49\" \/><\/p>\n","protected":false},"featured_media":216689,"template":"","meta":{"_et_pb_use_builder":"","_et_pb_old_content":"","_et_gb_content_width":""},"product_cat":[79,82,626,627],"product_tag":[],"_links":{"self":[{"href":"https:\/\/doremimusical.com.br\/2019\/wp-json\/wp\/v2\/product\/216688"}],"collection":[{"href":"https:\/\/doremimusical.com.br\/2019\/wp-json\/wp\/v2\/product"}],"about":[{"href":"https:\/\/doremimusical.com.br\/2019\/wp-json\/wp\/v2\/types\/product"}],"wp:featuredmedia":[{"embeddable":true,"href":"https:\/\/doremimusical.com.br\/2019\/wp-json\/wp\/v2\/media\/216689"}],"wp:attachment":[{"href":"https:\/\/doremimusical.com.br\/2019\/wp-json\/wp\/v2\/media?parent=216688"}],"wp:term":[{"taxonomy":"product_cat","embeddable":true,"href":"https:\/\/doremimusical.com.br\/2019\/wp-json\/wp\/v2\/product_cat?post=216688"},{"taxonomy":"product_tag","embeddable":true,"href":"https:\/\/doremimusical.com.br\/2019\/wp-json\/wp\/v2\/product_tag?post=216688"}],"curies":[{"name":"wp","href":"https:\/\/api.w.org\/{rel}","templated":true}]}}