{"id":216685,"date":"2021-09-21T20:00:21","date_gmt":"2021-09-21T20:00:21","guid":{"rendered":"https:\/\/doremimusical.com.br\/2019\/?post_type=product&#038;p=216685"},"modified":"2021-09-22T17:33:32","modified_gmt":"2021-09-22T17:33:32","slug":"216685","status":"publish","type":"product","link":"https:\/\/doremimusical.com.br\/2019\/produto\/216685\/","title":{"rendered":"A Dose do Dia &#8211; Preparat\u00f3rio"},"content":{"rendered":"<p>Inicie e estudo com reconhecido este livro, um dos mais indicados pelos professores.<\/p>\n<p>Este livro da s\u00e9rie &#8220;A dose do dia&#8221; apresenta 60 exerc\u00edcios t\u00e9cnicos preparat\u00f3rios para piano, reunidos em 5 grupos, que possibilitam um aquecimento progressivo para as m\u00e3os e devem ser praticados todos os dias, antes da aula.<\/p>\n","protected":false},"excerpt":{"rendered":"<p><img loading=\"lazy\" class=\"alignnone size-full wp-image-216662\" src=\"https:\/\/doremimusical.com.br\/2019\/wp-content\/uploads\/2021\/09\/ricordi.png\" alt=\"\" width=\"158\" height=\"49\" \/><\/p>\n","protected":false},"featured_media":216686,"template":"","meta":{"_et_pb_use_builder":"","_et_pb_old_content":"","_et_gb_content_width":""},"product_cat":[79,82,626,627],"product_tag":[],"_links":{"self":[{"href":"https:\/\/doremimusical.com.br\/2019\/wp-json\/wp\/v2\/product\/216685"}],"collection":[{"href":"https:\/\/doremimusical.com.br\/2019\/wp-json\/wp\/v2\/product"}],"about":[{"href":"https:\/\/doremimusical.com.br\/2019\/wp-json\/wp\/v2\/types\/product"}],"wp:featuredmedia":[{"embeddable":true,"href":"https:\/\/doremimusical.com.br\/2019\/wp-json\/wp\/v2\/media\/216686"}],"wp:attachment":[{"href":"https:\/\/doremimusical.com.br\/2019\/wp-json\/wp\/v2\/media?parent=216685"}],"wp:term":[{"taxonomy":"product_cat","embeddable":true,"href":"https:\/\/doremimusical.com.br\/2019\/wp-json\/wp\/v2\/product_cat?post=216685"},{"taxonomy":"product_tag","embeddable":true,"href":"https:\/\/doremimusical.com.br\/2019\/wp-json\/wp\/v2\/product_tag?post=216685"}],"curies":[{"name":"wp","href":"https:\/\/api.w.org\/{rel}","templated":true}]}}