{"id":216674,"date":"2021-09-21T19:26:36","date_gmt":"2021-09-21T19:26:36","guid":{"rendered":"https:\/\/doremimusical.com.br\/2019\/?post_type=product&#038;p=216674"},"modified":"2021-09-21T19:26:36","modified_gmt":"2021-09-21T19:26:36","slug":"metodo-preparatorio-para-organistas-infantil-por-ana-mary-de-cervantes","status":"publish","type":"product","link":"https:\/\/doremimusical.com.br\/2019\/produto\/metodo-preparatorio-para-organistas-infantil-por-ana-mary-de-cervantes\/","title":{"rendered":"M\u00e9todo Preparat\u00f3rio para Organistas Infantil por Ana Mary de Cervantes"},"content":{"rendered":"<p>M\u00c9TODO PREPARAT\u00d3RIO Para Organistas Infantil &#8211; Ana Mary de CervantesExerc\u00edcios e repert\u00f3rio bem simples para inicia\u00e7\u00e3o ao \u00f3rg\u00e3o.C\u00f3digo: PC0020Editora: Crom\u00e1ticaIdioma: Portugu\u00easAutor\/Artista: Ana Mary de CervantesInstrumento: Org\u00e3oFormato: Livro &#8211; Partitura &#8211; 70 P\u00e1ginasM\u00e9todo Preparat\u00f3rio para Organistas Infantil por Ana Mary de Cervantes indicado para atender crian\u00e7as de 5 a 8 anos de idade favorecendo uma r\u00e1pida assimila\u00e7\u00e3o dos elementos musicais e te\u00f3ricos. Este m\u00e9todo \u00e9 uma nova proposta em inicia\u00e7\u00e3o musical atrav\u00e9s do teclado e do org\u00e3o eletr\u00f4nico que proporcionar\u00e1 uma aprendizagem construtiva referente as dificuldades iniciais das pe\u00e7as, a teoria \u00e9 aplicada de forma l\u00fadica atrav\u00e9s de desenhos para colorir, relacionar e identificar.Adaptado para Org\u00e3o Eletr\u00f4nico e Teclado Estudos, Desenhos para colorir e Teoria.<\/p>\n","protected":false},"excerpt":{"rendered":"<p><img loading=\"lazy\" class=\"alignnone size-full wp-image-216662\" src=\"https:\/\/doremimusical.com.br\/2019\/wp-content\/uploads\/2021\/09\/ricordi.png\" alt=\"\" width=\"158\" height=\"49\" \/><\/p>\n","protected":false},"featured_media":216675,"template":"","meta":{"_et_pb_use_builder":"","_et_pb_old_content":"","_et_gb_content_width":""},"product_cat":[79,82,626,627],"product_tag":[],"_links":{"self":[{"href":"https:\/\/doremimusical.com.br\/2019\/wp-json\/wp\/v2\/product\/216674"}],"collection":[{"href":"https:\/\/doremimusical.com.br\/2019\/wp-json\/wp\/v2\/product"}],"about":[{"href":"https:\/\/doremimusical.com.br\/2019\/wp-json\/wp\/v2\/types\/product"}],"wp:featuredmedia":[{"embeddable":true,"href":"https:\/\/doremimusical.com.br\/2019\/wp-json\/wp\/v2\/media\/216675"}],"wp:attachment":[{"href":"https:\/\/doremimusical.com.br\/2019\/wp-json\/wp\/v2\/media?parent=216674"}],"wp:term":[{"taxonomy":"product_cat","embeddable":true,"href":"https:\/\/doremimusical.com.br\/2019\/wp-json\/wp\/v2\/product_cat?post=216674"},{"taxonomy":"product_tag","embeddable":true,"href":"https:\/\/doremimusical.com.br\/2019\/wp-json\/wp\/v2\/product_tag?post=216674"}],"curies":[{"name":"wp","href":"https:\/\/api.w.org\/{rel}","templated":true}]}}