{"id":216668,"date":"2021-09-21T19:16:21","date_gmt":"2021-09-21T19:16:21","guid":{"rendered":"https:\/\/doremimusical.com.br\/2019\/?post_type=product&#038;p=216668"},"modified":"2021-09-21T19:16:22","modified_gmt":"2021-09-21T19:16:22","slug":"metodo-preparatorio-organistas-40licoes-ana-mary-vol-1-cromatica","status":"publish","type":"product","link":"https:\/\/doremimusical.com.br\/2019\/produto\/metodo-preparatorio-organistas-40licoes-ana-mary-vol-1-cromatica\/","title":{"rendered":"M\u00e9todo Preparat\u00f3rio Organistas &#8211; 40Li\u00e7\u00f5es &#8211; Ana Mary &#8211; Vol 1 &#8211; Crom\u00e1tica"},"content":{"rendered":"<p>M\u00e9todo para \u00f3rg\u00e3o eletr\u00f4nico; pedaleira de 1 oitava; com exerc\u00edcios te\u00f3ricos; com certificado de conclus\u00e3o e n\u00edvel iniciante e preparat\u00f3rio.<\/p>\n","protected":false},"excerpt":{"rendered":"<p><img loading=\"lazy\" class=\"alignnone size-full wp-image-216662\" src=\"https:\/\/doremimusical.com.br\/2019\/wp-content\/uploads\/2021\/09\/ricordi.png\" alt=\"\" width=\"158\" height=\"49\" \/><\/p>\n","protected":false},"featured_media":216670,"template":"","meta":{"_et_pb_use_builder":"","_et_pb_old_content":"","_et_gb_content_width":""},"product_cat":[79,82,626,627],"product_tag":[],"_links":{"self":[{"href":"https:\/\/doremimusical.com.br\/2019\/wp-json\/wp\/v2\/product\/216668"}],"collection":[{"href":"https:\/\/doremimusical.com.br\/2019\/wp-json\/wp\/v2\/product"}],"about":[{"href":"https:\/\/doremimusical.com.br\/2019\/wp-json\/wp\/v2\/types\/product"}],"wp:featuredmedia":[{"embeddable":true,"href":"https:\/\/doremimusical.com.br\/2019\/wp-json\/wp\/v2\/media\/216670"}],"wp:attachment":[{"href":"https:\/\/doremimusical.com.br\/2019\/wp-json\/wp\/v2\/media?parent=216668"}],"wp:term":[{"taxonomy":"product_cat","embeddable":true,"href":"https:\/\/doremimusical.com.br\/2019\/wp-json\/wp\/v2\/product_cat?post=216668"},{"taxonomy":"product_tag","embeddable":true,"href":"https:\/\/doremimusical.com.br\/2019\/wp-json\/wp\/v2\/product_tag?post=216668"}],"curies":[{"name":"wp","href":"https:\/\/api.w.org\/{rel}","templated":true}]}}