{"id":216665,"date":"2021-09-18T19:15:14","date_gmt":"2021-09-18T19:15:14","guid":{"rendered":"https:\/\/doremimusical.com.br\/2019\/?post_type=product&#038;p=216665"},"modified":"2024-05-28T01:07:50","modified_gmt":"2024-05-28T01:07:50","slug":"metodo-czerny-30-estudos-orgao-eletrronico","status":"publish","type":"product","link":"https:\/\/doremimusical.com.br\/2019\/produto\/metodo-czerny-30-estudos-orgao-eletrronico\/","title":{"rendered":"M\u00e9todo Czerny &#8211; 30 Estudos Org\u00e3o Eletronico"},"content":{"rendered":"<p>O M\u00e9todo 30 Estudos Czerny\u00a0foi especialmente preparado para o ensino de \u00f3rg\u00e3o eletr\u00f4nico com pedaleira, contendo\u00a0os famosos 25 estudos de Czerny\u00a0al\u00e9m de 5 pe\u00e7as\u00a0todas adaptadas para \u00f3rg\u00e3o eletr\u00f4nico com pedaleira de uma oitava.\u00a0Algumas numera\u00e7\u00f5es das li\u00e7\u00f5es do m\u00e9todo de piano foram alteradas para que assim o aluno tenha uma aprendizagem construtiva referente as dificuldades.<\/p>\n<p><strong>Especifica\u00e7\u00f5es T\u00e9cnicas:<\/strong><br \/>\n&#8211; Marca\/Editora: Ricordi<br \/>\n&#8211; Autor: Ana Mary de Cervantes<br \/>\n&#8211; M\u00e9todo de\u00a0ensino para\u00a0\u00f3rg\u00e3o eletr\u00f4nico com pedaleira<br \/>\n&#8211; N\u00famero de p\u00e1ginas: 67<br \/>\n&#8211; Tipo: Brochura<br \/>\n&#8211; Idioma: Portugu\u00eas<br \/>\n&#8211; Fabrica\u00e7\u00e3o: Brasil<\/p>\n","protected":false},"excerpt":{"rendered":"<p><img loading=\"lazy\" class=\"alignnone size-full wp-image-216662\" src=\"https:\/\/doremimusical.com.br\/2019\/wp-content\/uploads\/2021\/09\/ricordi.png\" alt=\"\" width=\"158\" height=\"49\" \/><\/p>\n","protected":false},"featured_media":216666,"template":"","meta":{"_et_pb_use_builder":"","_et_pb_old_content":"","_et_gb_content_width":""},"product_cat":[79,82,626,627],"product_tag":[],"_links":{"self":[{"href":"https:\/\/doremimusical.com.br\/2019\/wp-json\/wp\/v2\/product\/216665"}],"collection":[{"href":"https:\/\/doremimusical.com.br\/2019\/wp-json\/wp\/v2\/product"}],"about":[{"href":"https:\/\/doremimusical.com.br\/2019\/wp-json\/wp\/v2\/types\/product"}],"wp:featuredmedia":[{"embeddable":true,"href":"https:\/\/doremimusical.com.br\/2019\/wp-json\/wp\/v2\/media\/216666"}],"wp:attachment":[{"href":"https:\/\/doremimusical.com.br\/2019\/wp-json\/wp\/v2\/media?parent=216665"}],"wp:term":[{"taxonomy":"product_cat","embeddable":true,"href":"https:\/\/doremimusical.com.br\/2019\/wp-json\/wp\/v2\/product_cat?post=216665"},{"taxonomy":"product_tag","embeddable":true,"href":"https:\/\/doremimusical.com.br\/2019\/wp-json\/wp\/v2\/product_tag?post=216665"}],"curies":[{"name":"wp","href":"https:\/\/api.w.org\/{rel}","templated":true}]}}