{"id":216562,"date":"2021-09-13T21:18:59","date_gmt":"2021-09-13T21:18:59","guid":{"rendered":"https:\/\/doremimusical.com.br\/2019\/?post_type=product&#038;p=216562"},"modified":"2021-09-13T21:19:00","modified_gmt":"2021-09-13T21:19:00","slug":"encordoamento-mauro-calixto-viola","status":"publish","type":"product","link":"https:\/\/doremimusical.com.br\/2019\/produto\/encordoamento-mauro-calixto-viola\/","title":{"rendered":"Encordoamento Mauro Calixto Viola"},"content":{"rendered":"<p>As cordas MAURO CALIXTO s\u00e3o as melhores cordas do mercado atualmente, com e melhor rela\u00e7\u00e3o custo-benef\u00edcio para violinos, violas, cellos e baixo. Produto Nacional fabricado com a\u00e7o alem\u00e3o.<\/p>\n<p>As cordas Mauro Calixto s\u00e3o produzidas atrav\u00e9s de um processo artesanal, com n\u00facleo de a\u00e7o s\u00f3lido e utilizando apenas materiais de alta qualidade.<br \/>\nComo resultado, as cordas Mauro Calixto s\u00e3o consideradas as melhores cordas para instrumentos de arco de fabrica\u00e7\u00e3o Nacional.<br \/>\nCom um som focado, de proje\u00e7\u00e3o consider\u00e1vel, \u00f3tima estabilidade e timbre agrad\u00e1vel, as cordas Mauro Calixto tem conquistado cada vez mais m\u00fasicos, de n\u00edvel estudante a profissional.<br \/>\nPara aqueles que buscam boa qualidade de som, baixo custo e durabilidade, as cordas Mauro Calixto s\u00e3o uma excelente op\u00e7\u00e3o considerando seu custo\/benef\u00edcio.<br \/>\nA M. Calixto \u00e9 a \u00fanica fabricante nacional a produzir cordas com n\u00facleo 100% de Perlon (sint\u00e9tico), que proporcionam som macio, dedilhado suave e rica presen\u00e7a de harm\u00f4nico.<br \/>\nEssa \u00e9 a tecnologia usada por muitas empresas renomadas, como Pirastro, Thomastik, Larsen e muitas outras.<\/p>\n","protected":false},"excerpt":{"rendered":"<p><img loading=\"lazy\" class=\"alignnone size-full wp-image-216550\" src=\"https:\/\/doremimusical.com.br\/2019\/wp-content\/uploads\/2021\/09\/mauro.png\" alt=\"\" width=\"141\" height=\"60\" \/><\/p>\n","protected":false},"featured_media":216549,"template":"","meta":{"_et_pb_use_builder":"","_et_pb_old_content":"","_et_gb_content_width":""},"product_cat":[79,82,284,625],"product_tag":[],"_links":{"self":[{"href":"https:\/\/doremimusical.com.br\/2019\/wp-json\/wp\/v2\/product\/216562"}],"collection":[{"href":"https:\/\/doremimusical.com.br\/2019\/wp-json\/wp\/v2\/product"}],"about":[{"href":"https:\/\/doremimusical.com.br\/2019\/wp-json\/wp\/v2\/types\/product"}],"wp:featuredmedia":[{"embeddable":true,"href":"https:\/\/doremimusical.com.br\/2019\/wp-json\/wp\/v2\/media\/216549"}],"wp:attachment":[{"href":"https:\/\/doremimusical.com.br\/2019\/wp-json\/wp\/v2\/media?parent=216562"}],"wp:term":[{"taxonomy":"product_cat","embeddable":true,"href":"https:\/\/doremimusical.com.br\/2019\/wp-json\/wp\/v2\/product_cat?post=216562"},{"taxonomy":"product_tag","embeddable":true,"href":"https:\/\/doremimusical.com.br\/2019\/wp-json\/wp\/v2\/product_tag?post=216562"}],"curies":[{"name":"wp","href":"https:\/\/api.w.org\/{rel}","templated":true}]}}