{"id":216560,"date":"2021-09-13T21:16:53","date_gmt":"2021-09-13T21:16:53","guid":{"rendered":"https:\/\/doremimusical.com.br\/2019\/?post_type=product&#038;p=216560"},"modified":"2021-09-13T21:16:54","modified_gmt":"2021-09-13T21:16:54","slug":"encordoamento-mauro-calixto-cello","status":"publish","type":"product","link":"https:\/\/doremimusical.com.br\/2019\/produto\/encordoamento-mauro-calixto-cello\/","title":{"rendered":"Encordoamento Mauro Calixto Cello"},"content":{"rendered":"<p>Encordoamento para Violoncelo Mauro Calixto S\u00e9rie Tradicional<\/p>\n<p>As cordas Mauro Calixto s\u00e3o produzidas atrav\u00e9s de um processo artesanal, com n\u00facleo de fibras sint\u00e9ticas e utilizando apenas materiais de alta qualidade. Como resultado, as cordas Mauro Calixto s\u00e3o consideradas as melhores cordas para instrumentos de arco de fabrica\u00e7\u00e3o Nacional. Com um som focado, de proje\u00e7\u00e3o consider\u00e1vel, \u00f3tima estabilidade e timbre agrad\u00e1vel, as cordas Mauro Calixto tem conquistado cada vez mais m\u00fasicos, de n\u00edvel estudante a profissional. Para aqueles que buscam boa qualidade de som, baixo custo e durabilidade, as cordas Mauro Calixto s\u00e3o uma excelente op\u00e7\u00e3o considerando seu custo\/benef\u00edcio.<\/p>\n<p>Encordoamento completo! As cordas Mauro Calixto para Cello proporcionam rica presen\u00e7a de harm\u00f4nicos e timbre muito quente, e s\u00e3o consideradas as melhores cordas de baixo custo para violoncelo!<\/p>\n<p>Informa\u00e7\u00f5es Adicionais<\/p>\n<p>Marca:Mauro Calixto<br \/>\nModelo: Tradicional<br \/>\nIndica\u00e7\u00e3o: Violoncelo 4\/4<br \/>\nProced\u00eancia: Nacional<br \/>\nN\u00facleo das Cordas: A\u00e7o S\u00f3lido Especial<br \/>\nTens\u00e3o das Cordas: \u00danica<br \/>\nAcabamento (encaixe): Bolinha<br \/>\nCordas Inclusas: Encordoamento Completo (Cordas L\u00e1, R\u00e9, Sol e Do)<\/p>\n","protected":false},"excerpt":{"rendered":"<p><img loading=\"lazy\" class=\"alignnone size-full wp-image-216550\" src=\"https:\/\/doremimusical.com.br\/2019\/wp-content\/uploads\/2021\/09\/mauro.png\" alt=\"\" width=\"141\" height=\"60\" \/><\/p>\n","protected":false},"featured_media":216547,"template":"","meta":{"_et_pb_use_builder":"","_et_pb_old_content":"","_et_gb_content_width":""},"product_cat":[79,82,284,625],"product_tag":[],"_links":{"self":[{"href":"https:\/\/doremimusical.com.br\/2019\/wp-json\/wp\/v2\/product\/216560"}],"collection":[{"href":"https:\/\/doremimusical.com.br\/2019\/wp-json\/wp\/v2\/product"}],"about":[{"href":"https:\/\/doremimusical.com.br\/2019\/wp-json\/wp\/v2\/types\/product"}],"wp:featuredmedia":[{"embeddable":true,"href":"https:\/\/doremimusical.com.br\/2019\/wp-json\/wp\/v2\/media\/216547"}],"wp:attachment":[{"href":"https:\/\/doremimusical.com.br\/2019\/wp-json\/wp\/v2\/media?parent=216560"}],"wp:term":[{"taxonomy":"product_cat","embeddable":true,"href":"https:\/\/doremimusical.com.br\/2019\/wp-json\/wp\/v2\/product_cat?post=216560"},{"taxonomy":"product_tag","embeddable":true,"href":"https:\/\/doremimusical.com.br\/2019\/wp-json\/wp\/v2\/product_tag?post=216560"}],"curies":[{"name":"wp","href":"https:\/\/api.w.org\/{rel}","templated":true}]}}