{"id":216558,"date":"2021-09-13T21:14:07","date_gmt":"2021-09-13T21:14:07","guid":{"rendered":"https:\/\/doremimusical.com.br\/2019\/?post_type=product&#038;p=216558"},"modified":"2021-09-13T21:14:08","modified_gmt":"2021-09-13T21:14:08","slug":"encordoamento-mauro-calixto-cello-especial","status":"publish","type":"product","link":"https:\/\/doremimusical.com.br\/2019\/produto\/encordoamento-mauro-calixto-cello-especial\/","title":{"rendered":"Encordoamento Mauro Calixto Cello Especial"},"content":{"rendered":"<p>A Corda L\u00e1 Especial de A\u00e7o \u00e9 fabricada com a\u00e7o especial proporcionando um som mais potente e menos met\u00e1lico, melhorando substancialmente a resposta na m\u00e3o esquerda e no arco.<\/p>\n","protected":false},"excerpt":{"rendered":"<p><img loading=\"lazy\" class=\"alignnone size-full wp-image-216550\" src=\"https:\/\/doremimusical.com.br\/2019\/wp-content\/uploads\/2021\/09\/mauro.png\" alt=\"\" width=\"141\" height=\"60\" \/><\/p>\n","protected":false},"featured_media":216548,"template":"","meta":{"_et_pb_use_builder":"","_et_pb_old_content":"","_et_gb_content_width":""},"product_cat":[79,82,284,625],"product_tag":[],"_links":{"self":[{"href":"https:\/\/doremimusical.com.br\/2019\/wp-json\/wp\/v2\/product\/216558"}],"collection":[{"href":"https:\/\/doremimusical.com.br\/2019\/wp-json\/wp\/v2\/product"}],"about":[{"href":"https:\/\/doremimusical.com.br\/2019\/wp-json\/wp\/v2\/types\/product"}],"wp:featuredmedia":[{"embeddable":true,"href":"https:\/\/doremimusical.com.br\/2019\/wp-json\/wp\/v2\/media\/216548"}],"wp:attachment":[{"href":"https:\/\/doremimusical.com.br\/2019\/wp-json\/wp\/v2\/media?parent=216558"}],"wp:term":[{"taxonomy":"product_cat","embeddable":true,"href":"https:\/\/doremimusical.com.br\/2019\/wp-json\/wp\/v2\/product_cat?post=216558"},{"taxonomy":"product_tag","embeddable":true,"href":"https:\/\/doremimusical.com.br\/2019\/wp-json\/wp\/v2\/product_tag?post=216558"}],"curies":[{"name":"wp","href":"https:\/\/api.w.org\/{rel}","templated":true}]}}