{"id":216299,"date":"2021-08-31T22:39:33","date_gmt":"2021-08-31T22:39:33","guid":{"rendered":"https:\/\/doremimusical.com.br\/2019\/?post_type=product&#038;p=216299"},"modified":"2021-08-31T22:39:34","modified_gmt":"2021-08-31T22:39:34","slug":"banco-estofado-saty-para-orgao-com-compartimento-bo20-c","status":"publish","type":"product","link":"https:\/\/doremimusical.com.br\/2019\/produto\/banco-estofado-saty-para-orgao-com-compartimento-bo20-c\/","title":{"rendered":"Banco estofado SATY para \u00d3rg\u00e3o com compartimento BO20-C"},"content":{"rendered":"<p><strong>Banco estofado para \u00d3rg\u00e3o com compartimento<\/strong><\/p>\n<ul>\n<li>Cor: Preto<\/li>\n<li>Peso: 5,36 Kg<\/li>\n<li>Capacidade: 100 Kg<\/li>\n<li>Altura: 56 cm<\/li>\n<\/ul>\n","protected":false},"excerpt":{"rendered":"<p><img loading=\"lazy\" class=\"alignnone size-full wp-image-212562\" src=\"https:\/\/doremimusical.com.br\/2019\/wp-content\/uploads\/2019\/10\/Saty.png\" alt=\"\" width=\"163\" height=\"83\" srcset=\"https:\/\/doremimusical.com.br\/2019\/wp-content\/uploads\/2019\/10\/Saty.png 163w, https:\/\/doremimusical.com.br\/2019\/wp-content\/uploads\/2019\/10\/Saty-150x76.png 150w\" sizes=\"(max-width: 163px) 100vw, 163px\" \/><\/p>\n","protected":false},"featured_media":216300,"template":"","meta":{"_et_pb_use_builder":"","_et_pb_old_content":"","_et_gb_content_width":""},"product_cat":[79,82,614,333,613],"product_tag":[618],"_links":{"self":[{"href":"https:\/\/doremimusical.com.br\/2019\/wp-json\/wp\/v2\/product\/216299"}],"collection":[{"href":"https:\/\/doremimusical.com.br\/2019\/wp-json\/wp\/v2\/product"}],"about":[{"href":"https:\/\/doremimusical.com.br\/2019\/wp-json\/wp\/v2\/types\/product"}],"wp:featuredmedia":[{"embeddable":true,"href":"https:\/\/doremimusical.com.br\/2019\/wp-json\/wp\/v2\/media\/216300"}],"wp:attachment":[{"href":"https:\/\/doremimusical.com.br\/2019\/wp-json\/wp\/v2\/media?parent=216299"}],"wp:term":[{"taxonomy":"product_cat","embeddable":true,"href":"https:\/\/doremimusical.com.br\/2019\/wp-json\/wp\/v2\/product_cat?post=216299"},{"taxonomy":"product_tag","embeddable":true,"href":"https:\/\/doremimusical.com.br\/2019\/wp-json\/wp\/v2\/product_tag?post=216299"}],"curies":[{"name":"wp","href":"https:\/\/api.w.org\/{rel}","templated":true}]}}