{"id":216199,"date":"2021-08-30T15:34:18","date_gmt":"2021-08-30T15:34:18","guid":{"rendered":"https:\/\/doremimusical.com.br\/2019\/?post_type=product&#038;p=216199"},"modified":"2021-08-30T15:34:32","modified_gmt":"2021-08-30T15:34:32","slug":"capotraste-custom-sound-preto","status":"publish","type":"product","link":"https:\/\/doremimusical.com.br\/2019\/produto\/capotraste-custom-sound-preto\/","title":{"rendered":"Capotraste Custom Sound Preto"},"content":{"rendered":"<p>Capotraste Custom Sound para Guitarra e Viol\u00e3o A\u00e7o CT-1<br \/>\nO Capotraste CT-1 Custom Sound pode ser usado em instrumentos de 6 a 12 cordas, sendo Guitarra ou Viol\u00e3o com cordas de A\u00e7o.<br \/>\nCaracter\u00edsticas:<br \/>\n&#8211; F\u00e1cil coloca\u00e7\u00e3o, usando apenas uma das m\u00e3os.<br \/>\n&#8211; Mola proporciona resist\u00eancia e for\u00e7a na coloca\u00e7\u00e3o.<br \/>\n&#8211; Borracha que n\u00e3o solta res\u00edduos.<br \/>\n&#8211; N\u00e3o agride o acabamento do instrumento.<br \/>\n&#8211; Material de alt\u00edssima qualidade.<\/p>\n","protected":false},"excerpt":{"rendered":"<p><img loading=\"lazy\" class=\"alignnone size-full wp-image-215991\" src=\"https:\/\/doremimusical.com.br\/2019\/wp-content\/uploads\/2021\/03\/Custom-Sound.png\" alt=\"\" width=\"110\" height=\"59\" \/><\/p>\n","protected":false},"featured_media":216196,"template":"","meta":{"_et_pb_use_builder":"","_et_pb_old_content":"","_et_gb_content_width":""},"product_cat":[79,82,414,598,599,545,543],"product_tag":[],"_links":{"self":[{"href":"https:\/\/doremimusical.com.br\/2019\/wp-json\/wp\/v2\/product\/216199"}],"collection":[{"href":"https:\/\/doremimusical.com.br\/2019\/wp-json\/wp\/v2\/product"}],"about":[{"href":"https:\/\/doremimusical.com.br\/2019\/wp-json\/wp\/v2\/types\/product"}],"wp:featuredmedia":[{"embeddable":true,"href":"https:\/\/doremimusical.com.br\/2019\/wp-json\/wp\/v2\/media\/216196"}],"wp:attachment":[{"href":"https:\/\/doremimusical.com.br\/2019\/wp-json\/wp\/v2\/media?parent=216199"}],"wp:term":[{"taxonomy":"product_cat","embeddable":true,"href":"https:\/\/doremimusical.com.br\/2019\/wp-json\/wp\/v2\/product_cat?post=216199"},{"taxonomy":"product_tag","embeddable":true,"href":"https:\/\/doremimusical.com.br\/2019\/wp-json\/wp\/v2\/product_tag?post=216199"}],"curies":[{"name":"wp","href":"https:\/\/api.w.org\/{rel}","templated":true}]}}