{"id":216180,"date":"2021-08-19T21:26:50","date_gmt":"2021-08-19T21:26:50","guid":{"rendered":"https:\/\/doremimusical.com.br\/2019\/?post_type=product&#038;p=216180"},"modified":"2021-08-19T21:26:50","modified_gmt":"2021-08-19T21:26:50","slug":"tarraxa-blindada-custom-sound-para-violao-aco-guitarra-cromada-cmh-801-cr","status":"publish","type":"product","link":"https:\/\/doremimusical.com.br\/2019\/produto\/tarraxa-blindada-custom-sound-para-violao-aco-guitarra-cromada-cmh-801-cr\/","title":{"rendered":"Tarraxa Blindada Custom Sound para Viol\u00e3o A\u00e7o Guitarra Cromada CMH 801-CR"},"content":{"rendered":"<p>Jogo Tarraxa CUSTOM SOUND Blindada PARA Viol\u00e3o\/GUITARRA<br \/>\n6 x Tarraxas Blindadas (3r + 3l)<br \/>\n6 x Parafusos e BUCHAS<\/p>\n","protected":false},"excerpt":{"rendered":"<p><img loading=\"lazy\" class=\"alignnone size-full wp-image-215991\" src=\"https:\/\/doremimusical.com.br\/2019\/wp-content\/uploads\/2021\/03\/Custom-Sound.png\" alt=\"\" width=\"110\" height=\"59\" \/><\/p>\n","protected":false},"featured_media":216181,"template":"","meta":{"_et_pb_use_builder":"","_et_pb_old_content":"","_et_gb_content_width":""},"product_cat":[79,82,597,260],"product_tag":[],"_links":{"self":[{"href":"https:\/\/doremimusical.com.br\/2019\/wp-json\/wp\/v2\/product\/216180"}],"collection":[{"href":"https:\/\/doremimusical.com.br\/2019\/wp-json\/wp\/v2\/product"}],"about":[{"href":"https:\/\/doremimusical.com.br\/2019\/wp-json\/wp\/v2\/types\/product"}],"wp:featuredmedia":[{"embeddable":true,"href":"https:\/\/doremimusical.com.br\/2019\/wp-json\/wp\/v2\/media\/216181"}],"wp:attachment":[{"href":"https:\/\/doremimusical.com.br\/2019\/wp-json\/wp\/v2\/media?parent=216180"}],"wp:term":[{"taxonomy":"product_cat","embeddable":true,"href":"https:\/\/doremimusical.com.br\/2019\/wp-json\/wp\/v2\/product_cat?post=216180"},{"taxonomy":"product_tag","embeddable":true,"href":"https:\/\/doremimusical.com.br\/2019\/wp-json\/wp\/v2\/product_tag?post=216180"}],"curies":[{"name":"wp","href":"https:\/\/api.w.org\/{rel}","templated":true}]}}