{"id":216156,"date":"2021-08-19T20:33:21","date_gmt":"2021-08-19T20:33:21","guid":{"rendered":"https:\/\/doremimusical.com.br\/2019\/?post_type=product&#038;p=216156"},"modified":"2021-08-19T20:33:21","modified_gmt":"2021-08-19T20:33:21","slug":"microfone-conden-custom-sound-csmc6k-com-kit","status":"publish","type":"product","link":"https:\/\/doremimusical.com.br\/2019\/produto\/microfone-conden-custom-sound-csmc6k-com-kit\/","title":{"rendered":"Microfone Conden Custom Sound CSMC6K Com Kit"},"content":{"rendered":"<p>MICROFONE CUSTOM SOUND CONDENSADOR CSMC6K ESTUDIO<\/p>\n<p>Ideal para grava\u00e7\u00f5es de \u00e1udio em est\u00fadio e internet pelo PC o Kit Custom Sound com 7 pe\u00e7as inclui: 01 Microfone Condensador Custom Sound modelo CSMC 6K, 01 cabo XLR\/P2 de 2 metros, 01 bra\u00e7o articulad 360o, 01 espuma de globo, 01 pop filter, 01 suporte anti est\u00e1tico e 01 placa de captura de audio (USB).<\/p>\n<p>Com um padr\u00e3o de capta\u00e7\u00e3o de cardi\u00f3ide perfeito, o microfone CSMC 6K pode ser amplamente utilizado para situa\u00e7\u00f5es profissionais como est\u00fadios de grava\u00e7\u00e3o, transmiss\u00e3o e esta\u00e7\u00f5es de TV, performances de palco, p\u00f3s-sincroniza\u00e7\u00e3o de filmes, trabalhos de v\u00eddeos, youtubers, podcasters entre outros.<\/p>\n<p>Especifica\u00e7\u00f5es:<br \/>\n&#8211; Marca: Custom Sound<br \/>\n&#8211; Modelo: CSMC 6K<br \/>\n&#8211; Linha: Kit Microfone Condensador, Suportes e Interface<br \/>\n&#8211; Categoria: Port\u00e1til<br \/>\n&#8211; Sistemas Compat\u00edveis: PC, MAC, Smartphone<br \/>\n&#8211; Cor: Preto e Cromado<br \/>\n&#8211; Acabamento: Acetinado (semi brilho)<br \/>\n&#8211; Acompanha: 01 Microfone Condensador Custom Sound modelo CSMC 6K, 01 cabo XLR\/P2 de 2 metros, 01 bra\u00e7o articulad 360o, 01 espuma de globo, 01 pop filter, 01 suporte anti est\u00e1tico e 01 placa de captura de audio 7.1 (USB).<br \/>\n&#8211; Alimenta\u00e7\u00e3o: USB (n\u00e3o \u00e9 necess\u00e1rio fonte externa)<br \/>\n&#8211; Garantia: 90 dias<\/p>\n<p>Microfone CSMC 6K:<br \/>\n&#8211; Tipo: Condensador<br \/>\n&#8211; Padr\u00e3o polar: Unidirecional<br \/>\n&#8211; Resposta de frequ\u00eancia: 20Hz-20kHz<br \/>\n&#8211; Sensibilidade : -32+ 2dB (0dB = 1 V\/Pa em 1 kHz)<br \/>\n&#8211; Imped\u00e2ncia de Carga: &gt;= 10000 Ohms<br \/>\n&#8211; N\u00edvel de Ru\u00eddo Equivalente : 14 dB A<br \/>\n&#8211; Consumo: 3mA<br \/>\n&#8211; Conector: XLR<\/p>\n<p>Placa de Audio:<br \/>\n&#8211; Conex\u00e3o: USB 2.0 Full Speed (12Mbps)<br \/>\n&#8211; Indicadores: Microfone mudo e atividade (LED)<br \/>\n&#8211; Acompanha: XEAR 3D, Efeito Sonoro 7.1 virtual<br \/>\n&#8211; Alimenta\u00e7\u00e3o: USB (n\u00e3o \u00e9 necess\u00e1rio fonte externa)<\/p>\n","protected":false},"excerpt":{"rendered":"<p><img loading=\"lazy\" class=\"alignnone size-full wp-image-215991\" src=\"https:\/\/doremimusical.com.br\/2019\/wp-content\/uploads\/2021\/03\/Custom-Sound.png\" alt=\"\" width=\"110\" height=\"59\" \/><\/p>\n","protected":false},"featured_media":216160,"template":"","meta":{"_et_pb_use_builder":"","_et_pb_old_content":"","_et_gb_content_width":""},"product_cat":[79,596],"product_tag":[],"_links":{"self":[{"href":"https:\/\/doremimusical.com.br\/2019\/wp-json\/wp\/v2\/product\/216156"}],"collection":[{"href":"https:\/\/doremimusical.com.br\/2019\/wp-json\/wp\/v2\/product"}],"about":[{"href":"https:\/\/doremimusical.com.br\/2019\/wp-json\/wp\/v2\/types\/product"}],"wp:featuredmedia":[{"embeddable":true,"href":"https:\/\/doremimusical.com.br\/2019\/wp-json\/wp\/v2\/media\/216160"}],"wp:attachment":[{"href":"https:\/\/doremimusical.com.br\/2019\/wp-json\/wp\/v2\/media?parent=216156"}],"wp:term":[{"taxonomy":"product_cat","embeddable":true,"href":"https:\/\/doremimusical.com.br\/2019\/wp-json\/wp\/v2\/product_cat?post=216156"},{"taxonomy":"product_tag","embeddable":true,"href":"https:\/\/doremimusical.com.br\/2019\/wp-json\/wp\/v2\/product_tag?post=216156"}],"curies":[{"name":"wp","href":"https:\/\/api.w.org\/{rel}","templated":true}]}}