{"id":216146,"date":"2021-08-18T21:07:21","date_gmt":"2021-08-18T21:07:21","guid":{"rendered":"https:\/\/doremimusical.com.br\/2019\/?post_type=product&#038;p=216146"},"modified":"2021-08-18T21:07:22","modified_gmt":"2021-08-18T21:07:22","slug":"bag-para-violao-folk-lopes-super-luxo","status":"publish","type":"product","link":"https:\/\/doremimusical.com.br\/2019\/produto\/bag-para-violao-folk-lopes-super-luxo\/","title":{"rendered":"Bag para Viol\u00e3o Folk Lopes Super Luxo"},"content":{"rendered":"<p>Bag para Viol\u00e3o Folk feita de nylon com al\u00e7a de m\u00e3o e costas<\/p>\n<p>&#8211; Parte interna com espuma macia de \u00f3tima qualidade, revestida em nylon com forro interno resinado<\/p>\n<p>&#8211; Al\u00e7a de m\u00e3o refor\u00e7ada<\/p>\n<p>&#8211; Al\u00e7a de ombro com regulador feito de metal<\/p>\n<p>&#8211; 01 compartimentos diferentes para v\u00e1rios acess\u00f3rios<\/p>\n<p>&#8211; Ziper n\u00ba 10 para abertura principal e ziper n\u00ba 8 para os bolsos de acess\u00f3rios<\/p>\n","protected":false},"excerpt":{"rendered":"<p><img loading=\"lazy\" class=\"alignnone  wp-image-216128\" src=\"https:\/\/doremimusical.com.br\/2019\/wp-content\/uploads\/2021\/08\/lopes.png\" alt=\"\" width=\"166\" height=\"84\" srcset=\"https:\/\/doremimusical.com.br\/2019\/wp-content\/uploads\/2021\/08\/lopes.png 220w, https:\/\/doremimusical.com.br\/2019\/wp-content\/uploads\/2021\/08\/lopes-150x76.png 150w\" sizes=\"(max-width: 166px) 100vw, 166px\" \/><\/p>\n","protected":false},"featured_media":216150,"template":"","meta":{"_et_pb_use_builder":"","_et_pb_old_content":"","_et_gb_content_width":""},"product_cat":[79,82,585,595],"product_tag":[],"_links":{"self":[{"href":"https:\/\/doremimusical.com.br\/2019\/wp-json\/wp\/v2\/product\/216146"}],"collection":[{"href":"https:\/\/doremimusical.com.br\/2019\/wp-json\/wp\/v2\/product"}],"about":[{"href":"https:\/\/doremimusical.com.br\/2019\/wp-json\/wp\/v2\/types\/product"}],"wp:featuredmedia":[{"embeddable":true,"href":"https:\/\/doremimusical.com.br\/2019\/wp-json\/wp\/v2\/media\/216150"}],"wp:attachment":[{"href":"https:\/\/doremimusical.com.br\/2019\/wp-json\/wp\/v2\/media?parent=216146"}],"wp:term":[{"taxonomy":"product_cat","embeddable":true,"href":"https:\/\/doremimusical.com.br\/2019\/wp-json\/wp\/v2\/product_cat?post=216146"},{"taxonomy":"product_tag","embeddable":true,"href":"https:\/\/doremimusical.com.br\/2019\/wp-json\/wp\/v2\/product_tag?post=216146"}],"curies":[{"name":"wp","href":"https:\/\/api.w.org\/{rel}","templated":true}]}}