{"id":216124,"date":"2021-08-18T20:38:58","date_gmt":"2021-08-18T20:38:58","guid":{"rendered":"https:\/\/doremimusical.com.br\/2019\/?post_type=product&#038;p=216124"},"modified":"2021-08-18T20:38:59","modified_gmt":"2021-08-18T20:38:59","slug":"bag-para-teclado-super-luxo-lopes","status":"publish","type":"product","link":"https:\/\/doremimusical.com.br\/2019\/produto\/bag-para-teclado-super-luxo-lopes\/","title":{"rendered":"Bag para Teclado Super Luxo Lopes"},"content":{"rendered":"<p>Bag para Teclado 5\/8 feita de nylon com al\u00e7a de m\u00e3o e costas<\/p>\n<p>&#8211; Parte interna com espuma macia de \u00f3tima qualidade, revestida em nylon com forro interno resinado<\/p>\n<p>&#8211; Al\u00e7a de m\u00e3o refor\u00e7ada<\/p>\n<p>&#8211; Al\u00e7a de ombro com regulador feito de metal<\/p>\n<p>&#8211; 02 compartimentos diferentes para v\u00e1rios acess\u00f3rios<\/p>\n<p>&#8211; Ziper n\u00ba 10 para abertura principal e ziper n\u00ba 8 para os bolsos de acess\u00f3rios<\/p>\n","protected":false},"excerpt":{"rendered":"<p><img loading=\"lazy\" class=\"alignnone  wp-image-216128\" src=\"https:\/\/doremimusical.com.br\/2019\/wp-content\/uploads\/2021\/08\/lopes.png\" alt=\"\" width=\"168\" height=\"85\" srcset=\"https:\/\/doremimusical.com.br\/2019\/wp-content\/uploads\/2021\/08\/lopes.png 220w, https:\/\/doremimusical.com.br\/2019\/wp-content\/uploads\/2021\/08\/lopes-150x76.png 150w\" sizes=\"(max-width: 168px) 100vw, 168px\" \/><\/p>\n","protected":false},"featured_media":216127,"template":"","meta":{"_et_pb_use_builder":"","_et_pb_old_content":"","_et_gb_content_width":""},"product_cat":[79,82,585,595],"product_tag":[],"_links":{"self":[{"href":"https:\/\/doremimusical.com.br\/2019\/wp-json\/wp\/v2\/product\/216124"}],"collection":[{"href":"https:\/\/doremimusical.com.br\/2019\/wp-json\/wp\/v2\/product"}],"about":[{"href":"https:\/\/doremimusical.com.br\/2019\/wp-json\/wp\/v2\/types\/product"}],"wp:featuredmedia":[{"embeddable":true,"href":"https:\/\/doremimusical.com.br\/2019\/wp-json\/wp\/v2\/media\/216127"}],"wp:attachment":[{"href":"https:\/\/doremimusical.com.br\/2019\/wp-json\/wp\/v2\/media?parent=216124"}],"wp:term":[{"taxonomy":"product_cat","embeddable":true,"href":"https:\/\/doremimusical.com.br\/2019\/wp-json\/wp\/v2\/product_cat?post=216124"},{"taxonomy":"product_tag","embeddable":true,"href":"https:\/\/doremimusical.com.br\/2019\/wp-json\/wp\/v2\/product_tag?post=216124"}],"curies":[{"name":"wp","href":"https:\/\/api.w.org\/{rel}","templated":true}]}}