{"id":216113,"date":"2021-08-18T18:41:02","date_gmt":"2021-08-18T18:41:02","guid":{"rendered":"https:\/\/doremimusical.com.br\/2019\/?post_type=product&#038;p=216113"},"modified":"2021-08-18T18:54:27","modified_gmt":"2021-08-18T18:54:27","slug":"bag-para-sax-alto-avs-executive","status":"publish","type":"product","link":"https:\/\/doremimusical.com.br\/2019\/produto\/bag-para-sax-alto-avs-executive\/","title":{"rendered":"Bag para Sax AVS Executive"},"content":{"rendered":"<p class=\"font_8\">Modelo: Executive<\/p>\n<p class=\"font_8\">Compat\u00edvel com: Sax Alto, Sax Soprano, Sax Tenor, Bar\u00edtono etc.<\/p>\n<p class=\"font_8\">Detalhes: Al\u00e7a tira colo, Al\u00e7a de m\u00e3o confort\u00e1vel, 1 Bolso para acess\u00f3rios, design cl\u00e1ssico.<\/p>\n<p class=\"font_8\">Especifica\u00e7\u00f5es: Tecido sint\u00e9tico, Forro Nylon 70 resinado, Espuma de 14mm, EVA 6mm, Ziper 10.<\/p>\n","protected":false},"excerpt":{"rendered":"<p><img loading=\"lazy\" class=\"alignnone size-full wp-image-216054\" src=\"https:\/\/doremimusical.com.br\/2019\/wp-content\/uploads\/2021\/08\/aab2ab8134.jpg\" alt=\"\" width=\"150\" height=\"150\" srcset=\"https:\/\/doremimusical.com.br\/2019\/wp-content\/uploads\/2021\/08\/aab2ab8134.jpg 150w, https:\/\/doremimusical.com.br\/2019\/wp-content\/uploads\/2021\/08\/aab2ab8134-100x100.jpg 100w\" sizes=\"(max-width: 150px) 100vw, 150px\" \/><\/p>\n","protected":false},"featured_media":216114,"template":"","meta":{"_et_pb_use_builder":"","_et_pb_old_content":"","_et_gb_content_width":""},"product_cat":[79,82,586,585],"product_tag":[],"_links":{"self":[{"href":"https:\/\/doremimusical.com.br\/2019\/wp-json\/wp\/v2\/product\/216113"}],"collection":[{"href":"https:\/\/doremimusical.com.br\/2019\/wp-json\/wp\/v2\/product"}],"about":[{"href":"https:\/\/doremimusical.com.br\/2019\/wp-json\/wp\/v2\/types\/product"}],"wp:featuredmedia":[{"embeddable":true,"href":"https:\/\/doremimusical.com.br\/2019\/wp-json\/wp\/v2\/media\/216114"}],"wp:attachment":[{"href":"https:\/\/doremimusical.com.br\/2019\/wp-json\/wp\/v2\/media?parent=216113"}],"wp:term":[{"taxonomy":"product_cat","embeddable":true,"href":"https:\/\/doremimusical.com.br\/2019\/wp-json\/wp\/v2\/product_cat?post=216113"},{"taxonomy":"product_tag","embeddable":true,"href":"https:\/\/doremimusical.com.br\/2019\/wp-json\/wp\/v2\/product_tag?post=216113"}],"curies":[{"name":"wp","href":"https:\/\/api.w.org\/{rel}","templated":true}]}}