{"id":216095,"date":"2021-08-17T21:04:08","date_gmt":"2021-08-17T21:04:08","guid":{"rendered":"https:\/\/doremimusical.com.br\/2019\/?post_type=product&#038;p=216095"},"modified":"2021-08-17T21:04:08","modified_gmt":"2021-08-17T21:04:08","slug":"bag-para-guitarra-luxo-avs","status":"publish","type":"product","link":"https:\/\/doremimusical.com.br\/2019\/produto\/bag-para-guitarra-luxo-avs\/","title":{"rendered":"Bag para Guitarra luxo AVS"},"content":{"rendered":"<p class=\"font_8\">Modelo: Luxo<\/p>\n<p class=\"font_8\">Compat\u00edvel com: Guitarra<\/p>\n<p class=\"font_8\">Detalhes: Al\u00e7a de costura dupla, al\u00e7a de m\u00e3o em fita, 1 bolso para acess\u00f3rios, design slim e 3 cores de acabamento: azul, cinza ou preto<\/p>\n<p class=\"font_8\">Especifica\u00e7\u00f5es: Tecido nylon 600, forro TNT 40, Espuma de 9mm e ziper 6<\/p>\n","protected":false},"excerpt":{"rendered":"<p><img loading=\"lazy\" class=\"alignnone size-full wp-image-216054\" src=\"https:\/\/doremimusical.com.br\/2019\/wp-content\/uploads\/2021\/08\/aab2ab8134.jpg\" alt=\"\" width=\"150\" height=\"150\" srcset=\"https:\/\/doremimusical.com.br\/2019\/wp-content\/uploads\/2021\/08\/aab2ab8134.jpg 150w, https:\/\/doremimusical.com.br\/2019\/wp-content\/uploads\/2021\/08\/aab2ab8134-100x100.jpg 100w\" sizes=\"(max-width: 150px) 100vw, 150px\" \/><\/p>\n","protected":false},"featured_media":216098,"template":"","meta":{"_et_pb_use_builder":"","_et_pb_old_content":"","_et_gb_content_width":""},"product_cat":[79,82,586,585],"product_tag":[],"_links":{"self":[{"href":"https:\/\/doremimusical.com.br\/2019\/wp-json\/wp\/v2\/product\/216095"}],"collection":[{"href":"https:\/\/doremimusical.com.br\/2019\/wp-json\/wp\/v2\/product"}],"about":[{"href":"https:\/\/doremimusical.com.br\/2019\/wp-json\/wp\/v2\/types\/product"}],"wp:featuredmedia":[{"embeddable":true,"href":"https:\/\/doremimusical.com.br\/2019\/wp-json\/wp\/v2\/media\/216098"}],"wp:attachment":[{"href":"https:\/\/doremimusical.com.br\/2019\/wp-json\/wp\/v2\/media?parent=216095"}],"wp:term":[{"taxonomy":"product_cat","embeddable":true,"href":"https:\/\/doremimusical.com.br\/2019\/wp-json\/wp\/v2\/product_cat?post=216095"},{"taxonomy":"product_tag","embeddable":true,"href":"https:\/\/doremimusical.com.br\/2019\/wp-json\/wp\/v2\/product_tag?post=216095"}],"curies":[{"name":"wp","href":"https:\/\/api.w.org\/{rel}","templated":true}]}}