{"id":216072,"date":"2021-08-17T19:48:41","date_gmt":"2021-08-17T19:48:41","guid":{"rendered":"https:\/\/doremimusical.com.br\/2019\/?post_type=product&#038;p=216072"},"modified":"2021-08-17T20:34:53","modified_gmt":"2021-08-17T20:34:53","slug":"bag-para-violao-super-luxo-avs-ch200","status":"publish","type":"product","link":"https:\/\/doremimusical.com.br\/2019\/produto\/bag-para-violao-super-luxo-avs-ch200\/","title":{"rendered":"Bag para Viol\u00e3o Super Luxo AVS CH200"},"content":{"rendered":"<p class=\"font_8\">Modelo: CH200<\/p>\n<p class=\"font_8\">Compat\u00edvel com: Viol\u00e3o Cl\u00e1ssico<\/p>\n<p class=\"font_8\">Detalhes: Al\u00e7a de costa dupla almofadada, al\u00e7a de m\u00e3o pl\u00e1stica, 2 bolsos para acess\u00f3rios, design teen, porta-cart\u00e3o, protetor de roldana.<\/p>\n<p class=\"font_8\">Especifica\u00e7\u00f5es: Tecido nylon 600, forro nylon 70 resinado, espuma de 27mm, ziper 10 para abertura lateral e ziper 6 para abertura do bolso.<\/p>\n","protected":false},"excerpt":{"rendered":"<p><img loading=\"lazy\" class=\"alignnone size-full wp-image-216054\" src=\"https:\/\/doremimusical.com.br\/2019\/wp-content\/uploads\/2021\/08\/aab2ab8134.jpg\" alt=\"\" width=\"150\" height=\"150\" srcset=\"https:\/\/doremimusical.com.br\/2019\/wp-content\/uploads\/2021\/08\/aab2ab8134.jpg 150w, https:\/\/doremimusical.com.br\/2019\/wp-content\/uploads\/2021\/08\/aab2ab8134-100x100.jpg 100w\" sizes=\"(max-width: 150px) 100vw, 150px\" \/><\/p>\n","protected":false},"featured_media":216094,"template":"","meta":{"_et_pb_use_builder":"","_et_pb_old_content":"","_et_gb_content_width":""},"product_cat":[79,82,586,585],"product_tag":[],"_links":{"self":[{"href":"https:\/\/doremimusical.com.br\/2019\/wp-json\/wp\/v2\/product\/216072"}],"collection":[{"href":"https:\/\/doremimusical.com.br\/2019\/wp-json\/wp\/v2\/product"}],"about":[{"href":"https:\/\/doremimusical.com.br\/2019\/wp-json\/wp\/v2\/types\/product"}],"wp:featuredmedia":[{"embeddable":true,"href":"https:\/\/doremimusical.com.br\/2019\/wp-json\/wp\/v2\/media\/216094"}],"wp:attachment":[{"href":"https:\/\/doremimusical.com.br\/2019\/wp-json\/wp\/v2\/media?parent=216072"}],"wp:term":[{"taxonomy":"product_cat","embeddable":true,"href":"https:\/\/doremimusical.com.br\/2019\/wp-json\/wp\/v2\/product_cat?post=216072"},{"taxonomy":"product_tag","embeddable":true,"href":"https:\/\/doremimusical.com.br\/2019\/wp-json\/wp\/v2\/product_tag?post=216072"}],"curies":[{"name":"wp","href":"https:\/\/api.w.org\/{rel}","templated":true}]}}