{"id":216061,"date":"2021-08-17T19:07:07","date_gmt":"2021-08-17T19:07:07","guid":{"rendered":"https:\/\/doremimusical.com.br\/2019\/?post_type=product&#038;p=216061"},"modified":"2021-08-17T19:07:07","modified_gmt":"2021-08-17T19:07:07","slug":"bag-para-cajon-super-luxo-avs","status":"publish","type":"product","link":"https:\/\/doremimusical.com.br\/2019\/produto\/bag-para-cajon-super-luxo-avs\/","title":{"rendered":"Bag para Cajon Super Luxo  AVS"},"content":{"rendered":"<p class=\"font_8\">Modelo: Super Luxo<\/p>\n<p class=\"font_8\">Compat\u00edvel com: Cajon, Pandeiro, Pratos etc.<\/p>\n<p class=\"font_8\">Detalhes: Al\u00e7a de m\u00e3o e costas em fita, 1 bolso para acess\u00f3rios.<\/p>\n<p class=\"font_8\">Especifica\u00e7\u00f5es: Tecido Nylon 600, Forro TNT 80, Espuma 18mm e Ziper 8.<\/p>\n","protected":false},"excerpt":{"rendered":"<p><img loading=\"lazy\" class=\"alignnone size-full wp-image-216054\" src=\"https:\/\/doremimusical.com.br\/2019\/wp-content\/uploads\/2021\/08\/aab2ab8134.jpg\" alt=\"\" width=\"150\" height=\"150\" srcset=\"https:\/\/doremimusical.com.br\/2019\/wp-content\/uploads\/2021\/08\/aab2ab8134.jpg 150w, https:\/\/doremimusical.com.br\/2019\/wp-content\/uploads\/2021\/08\/aab2ab8134-100x100.jpg 100w\" sizes=\"(max-width: 150px) 100vw, 150px\" \/><\/p>\n","protected":false},"featured_media":216063,"template":"","meta":{"_et_pb_use_builder":"","_et_pb_old_content":"","_et_gb_content_width":""},"product_cat":[79,82,586,585],"product_tag":[],"_links":{"self":[{"href":"https:\/\/doremimusical.com.br\/2019\/wp-json\/wp\/v2\/product\/216061"}],"collection":[{"href":"https:\/\/doremimusical.com.br\/2019\/wp-json\/wp\/v2\/product"}],"about":[{"href":"https:\/\/doremimusical.com.br\/2019\/wp-json\/wp\/v2\/types\/product"}],"wp:featuredmedia":[{"embeddable":true,"href":"https:\/\/doremimusical.com.br\/2019\/wp-json\/wp\/v2\/media\/216063"}],"wp:attachment":[{"href":"https:\/\/doremimusical.com.br\/2019\/wp-json\/wp\/v2\/media?parent=216061"}],"wp:term":[{"taxonomy":"product_cat","embeddable":true,"href":"https:\/\/doremimusical.com.br\/2019\/wp-json\/wp\/v2\/product_cat?post=216061"},{"taxonomy":"product_tag","embeddable":true,"href":"https:\/\/doremimusical.com.br\/2019\/wp-json\/wp\/v2\/product_tag?post=216061"}],"curies":[{"name":"wp","href":"https:\/\/api.w.org\/{rel}","templated":true}]}}