{"id":216051,"date":"2021-08-16T14:42:42","date_gmt":"2021-08-16T14:42:42","guid":{"rendered":"https:\/\/doremimusical.com.br\/2019\/?post_type=product&#038;p=216051"},"modified":"2021-08-16T14:42:43","modified_gmt":"2021-08-16T14:42:43","slug":"bag-para-violao-simples-avs-preto-com-uma-alca","status":"publish","type":"product","link":"https:\/\/doremimusical.com.br\/2019\/produto\/bag-para-violao-simples-avs-preto-com-uma-alca\/","title":{"rendered":"Bag Para Viol\u00e3o Simples AVS &#8211; Preto com uma Al\u00e7a"},"content":{"rendered":"<p class=\"font_8\">Modelo: Simples<\/p>\n<p class=\"font_8\">Compat\u00edvel com: Contrabaixo, Guitarra, Viol\u00e3o Cl\u00e1ssico e Viol\u00e3o Folk<\/p>\n<p class=\"font_8\">Detalhes: Al\u00e7a tira colo, al\u00e7a de m\u00e3o em fita, 1 bolso para acess\u00f3rios e 3 cores em acabamento: Azul, cinza ou preto<\/p>\n<p class=\"font_8\">Especifica\u00e7\u00f5es: Tecido nylon 600\u00a0e ziper 6<\/p>\n","protected":false},"excerpt":{"rendered":"<p><img loading=\"lazy\" class=\"alignnone size-full wp-image-216054\" src=\"https:\/\/doremimusical.com.br\/2019\/wp-content\/uploads\/2021\/08\/aab2ab8134.jpg\" alt=\"\" width=\"150\" height=\"150\" srcset=\"https:\/\/doremimusical.com.br\/2019\/wp-content\/uploads\/2021\/08\/aab2ab8134.jpg 150w, https:\/\/doremimusical.com.br\/2019\/wp-content\/uploads\/2021\/08\/aab2ab8134-100x100.jpg 100w\" sizes=\"(max-width: 150px) 100vw, 150px\" \/><\/p>\n","protected":false},"featured_media":216052,"template":"","meta":{"_et_pb_use_builder":"","_et_pb_old_content":"","_et_gb_content_width":""},"product_cat":[79,82,586,585],"product_tag":[],"_links":{"self":[{"href":"https:\/\/doremimusical.com.br\/2019\/wp-json\/wp\/v2\/product\/216051"}],"collection":[{"href":"https:\/\/doremimusical.com.br\/2019\/wp-json\/wp\/v2\/product"}],"about":[{"href":"https:\/\/doremimusical.com.br\/2019\/wp-json\/wp\/v2\/types\/product"}],"wp:featuredmedia":[{"embeddable":true,"href":"https:\/\/doremimusical.com.br\/2019\/wp-json\/wp\/v2\/media\/216052"}],"wp:attachment":[{"href":"https:\/\/doremimusical.com.br\/2019\/wp-json\/wp\/v2\/media?parent=216051"}],"wp:term":[{"taxonomy":"product_cat","embeddable":true,"href":"https:\/\/doremimusical.com.br\/2019\/wp-json\/wp\/v2\/product_cat?post=216051"},{"taxonomy":"product_tag","embeddable":true,"href":"https:\/\/doremimusical.com.br\/2019\/wp-json\/wp\/v2\/product_tag?post=216051"}],"curies":[{"name":"wp","href":"https:\/\/api.w.org\/{rel}","templated":true}]}}