{"id":216039,"date":"2021-08-14T13:47:43","date_gmt":"2021-08-14T13:47:43","guid":{"rendered":"https:\/\/doremimusical.com.br\/2019\/?post_type=product&#038;p=216039"},"modified":"2021-08-14T13:47:44","modified_gmt":"2021-08-14T13:47:44","slug":"pre-equalizador-violao-tagima-teq-7-afinador","status":"publish","type":"product","link":"https:\/\/doremimusical.com.br\/2019\/produto\/pre-equalizador-violao-tagima-teq-7-afinador\/","title":{"rendered":"Pr\u00e9 Equalizador Viol\u00e3o Tagima Teq-7 Afinador"},"content":{"rendered":"<p>Pr\u00e9 amplificador<\/p>\n<p>Equalizador<br \/>\nAfinador crom\u00e1tico digital<br \/>\n4 bandas<br \/>\nGrave, m\u00e9dio, agudo e presence<br \/>\nPhase, anula efeito de microfonia do viol\u00e3o<br \/>\nPainel LCD<br \/>\nIndicador de bateria fraca<br \/>\nCaptador piezo<br \/>\nCabo P2 \/ Jack P10 met\u00e1lico (pino de correia)<br \/>\nBateria 9V<\/p>\n","protected":false},"excerpt":{"rendered":"<p><img loading=\"lazy\" class=\"alignnone  wp-image-215661\" src=\"https:\/\/doremimusical.com.br\/2019\/wp-content\/uploads\/2020\/12\/logo-tagima-1024-300x300.png\" alt=\"\" width=\"100\" height=\"100\" srcset=\"https:\/\/doremimusical.com.br\/2019\/wp-content\/uploads\/2020\/12\/logo-tagima-1024-300x300.png 300w, https:\/\/doremimusical.com.br\/2019\/wp-content\/uploads\/2020\/12\/logo-tagima-1024-400x400.png 400w, https:\/\/doremimusical.com.br\/2019\/wp-content\/uploads\/2020\/12\/logo-tagima-1024-100x100.png 100w, https:\/\/doremimusical.com.br\/2019\/wp-content\/uploads\/2020\/12\/logo-tagima-1024-510x510.png 510w, https:\/\/doremimusical.com.br\/2019\/wp-content\/uploads\/2020\/12\/logo-tagima-1024-150x150.png 150w, https:\/\/doremimusical.com.br\/2019\/wp-content\/uploads\/2020\/12\/logo-tagima-1024-768x768.png 768w, https:\/\/doremimusical.com.br\/2019\/wp-content\/uploads\/2020\/12\/logo-tagima-1024.png 1024w\" sizes=\"(max-width: 100px) 100vw, 100px\" \/><\/p>\n","protected":false},"featured_media":216041,"template":"","meta":{"_et_pb_use_builder":"","_et_pb_old_content":"","_et_gb_content_width":""},"product_cat":[79,82,360,593],"product_tag":[],"_links":{"self":[{"href":"https:\/\/doremimusical.com.br\/2019\/wp-json\/wp\/v2\/product\/216039"}],"collection":[{"href":"https:\/\/doremimusical.com.br\/2019\/wp-json\/wp\/v2\/product"}],"about":[{"href":"https:\/\/doremimusical.com.br\/2019\/wp-json\/wp\/v2\/types\/product"}],"wp:featuredmedia":[{"embeddable":true,"href":"https:\/\/doremimusical.com.br\/2019\/wp-json\/wp\/v2\/media\/216041"}],"wp:attachment":[{"href":"https:\/\/doremimusical.com.br\/2019\/wp-json\/wp\/v2\/media?parent=216039"}],"wp:term":[{"taxonomy":"product_cat","embeddable":true,"href":"https:\/\/doremimusical.com.br\/2019\/wp-json\/wp\/v2\/product_cat?post=216039"},{"taxonomy":"product_tag","embeddable":true,"href":"https:\/\/doremimusical.com.br\/2019\/wp-json\/wp\/v2\/product_tag?post=216039"}],"curies":[{"name":"wp","href":"https:\/\/api.w.org\/{rel}","templated":true}]}}