{"id":216036,"date":"2021-08-14T13:42:24","date_gmt":"2021-08-14T13:42:24","guid":{"rendered":"https:\/\/doremimusical.com.br\/2019\/?post_type=product&#038;p=216036"},"modified":"2021-08-14T13:42:24","modified_gmt":"2021-08-14T13:42:24","slug":"pre-equalizador-tagima-teq-5-para-violao-com-afinador","status":"publish","type":"product","link":"https:\/\/doremimusical.com.br\/2019\/produto\/pre-equalizador-tagima-teq-5-para-violao-com-afinador\/","title":{"rendered":"Pr\u00e9 Equalizador Tagima TEQ 5 para Viol\u00e3o com Afinador"},"content":{"rendered":"<p>Pr\u00e9 Equalizador Tagima TEQ 5 para Viol\u00e3o com Afinador.<\/p>\n<p>&#8211; Pr\u00e9 amplificador, equalizador;<br \/>\n&#8211; Afinador crom\u00e1tico digital;<br \/>\n&#8211; 5 bandas;<br \/>\n&#8211; Grave, m\u00e9dio, agudo, presence e brilliance;<br \/>\n&#8211; Pitch, frequ\u00eancia de refer\u00eancia;<br \/>\n&#8211; Mode, fun\u00e7\u00f5es Guitar, Chroma e Bass;<br \/>\n&#8211; Note, escolha da nota ou corda do afinador;<br \/>\n&#8211; Painel de LCD;<br \/>\n&#8211; Indicador de bateria fraca;<br \/>\n&#8211; Captador piezo;<br \/>\n&#8211; Cabo P2 \/ Jack P10 (pino de correia);<br \/>\n&#8211; Bateria 9V* Utilizado nos seguintes viol\u00f5es: Dallas, Vegas, Kansas, Montana, Calif\u00f3rnia, Calif\u00f3rnia XII, AB 400, AB 500.<\/p>\n","protected":false},"excerpt":{"rendered":"<p><img loading=\"lazy\" class=\"alignnone  wp-image-215661\" src=\"https:\/\/doremimusical.com.br\/2019\/wp-content\/uploads\/2020\/12\/logo-tagima-1024-300x300.png\" alt=\"\" width=\"116\" height=\"116\" srcset=\"https:\/\/doremimusical.com.br\/2019\/wp-content\/uploads\/2020\/12\/logo-tagima-1024-300x300.png 300w, https:\/\/doremimusical.com.br\/2019\/wp-content\/uploads\/2020\/12\/logo-tagima-1024-400x400.png 400w, https:\/\/doremimusical.com.br\/2019\/wp-content\/uploads\/2020\/12\/logo-tagima-1024-100x100.png 100w, https:\/\/doremimusical.com.br\/2019\/wp-content\/uploads\/2020\/12\/logo-tagima-1024-510x510.png 510w, https:\/\/doremimusical.com.br\/2019\/wp-content\/uploads\/2020\/12\/logo-tagima-1024-150x150.png 150w, https:\/\/doremimusical.com.br\/2019\/wp-content\/uploads\/2020\/12\/logo-tagima-1024-768x768.png 768w, https:\/\/doremimusical.com.br\/2019\/wp-content\/uploads\/2020\/12\/logo-tagima-1024.png 1024w\" sizes=\"(max-width: 116px) 100vw, 116px\" \/><\/p>\n","protected":false},"featured_media":216038,"template":"","meta":{"_et_pb_use_builder":"","_et_pb_old_content":"","_et_gb_content_width":""},"product_cat":[79,82,360,593],"product_tag":[],"_links":{"self":[{"href":"https:\/\/doremimusical.com.br\/2019\/wp-json\/wp\/v2\/product\/216036"}],"collection":[{"href":"https:\/\/doremimusical.com.br\/2019\/wp-json\/wp\/v2\/product"}],"about":[{"href":"https:\/\/doremimusical.com.br\/2019\/wp-json\/wp\/v2\/types\/product"}],"wp:featuredmedia":[{"embeddable":true,"href":"https:\/\/doremimusical.com.br\/2019\/wp-json\/wp\/v2\/media\/216038"}],"wp:attachment":[{"href":"https:\/\/doremimusical.com.br\/2019\/wp-json\/wp\/v2\/media?parent=216036"}],"wp:term":[{"taxonomy":"product_cat","embeddable":true,"href":"https:\/\/doremimusical.com.br\/2019\/wp-json\/wp\/v2\/product_cat?post=216036"},{"taxonomy":"product_tag","embeddable":true,"href":"https:\/\/doremimusical.com.br\/2019\/wp-json\/wp\/v2\/product_tag?post=216036"}],"curies":[{"name":"wp","href":"https:\/\/api.w.org\/{rel}","templated":true}]}}