{"id":216032,"date":"2021-08-14T13:35:40","date_gmt":"2021-08-14T13:35:40","guid":{"rendered":"https:\/\/doremimusical.com.br\/2019\/?post_type=product&#038;p=216032"},"modified":"2021-08-14T13:35:40","modified_gmt":"2021-08-14T13:35:40","slug":"pre-equalizador-para-ukulele-teq-2-tagima-com-afinador","status":"publish","type":"product","link":"https:\/\/doremimusical.com.br\/2019\/produto\/pre-equalizador-para-ukulele-teq-2-tagima-com-afinador\/","title":{"rendered":"Pr\u00e9 Equalizador para Ukulele TEQ 2 Tagima com Afinador"},"content":{"rendered":"<p>O pr\u00e9-amplificador e equalizador da Tagima, foi desenvolvido para atender a linha de instrumentos ac\u00fasticos da que precisam de um captador com qualidade e o pre\u00e7o baixo.<\/p>\n<p>O Modelo TEQ-2 j\u00e1 conta com afinador, para facilitar os ajustes na afina\u00e7\u00e3o, usa duas pilhas 2032 que s\u00e3o econ\u00f4micas e pequenas, e entrada para cabos com conector P10<\/p>\n<ul>\n<li>Pr\u00e9 amplificador<\/li>\n<li>Equalizador<\/li>\n<li>Afinador crom\u00e1tico digital<\/li>\n<li>2 bandas<\/li>\n<li>Grave e agudo<\/li>\n<li>Painel indicador de nota<\/li>\n<li>Indicador de bateria fraca<\/li>\n<li>Captador piezo<\/li>\n<li>Jack P10<\/li>\n<li>Bateria CR 2032<\/li>\n<li>Serve para os modelos de Ukulele 41K, 43K, 47K da Tagima.<\/li>\n<\/ul>\n","protected":false},"excerpt":{"rendered":"<p><img loading=\"lazy\" class=\"alignnone  wp-image-215661\" src=\"https:\/\/doremimusical.com.br\/2019\/wp-content\/uploads\/2020\/12\/logo-tagima-1024-300x300.png\" alt=\"\" width=\"128\" height=\"128\" srcset=\"https:\/\/doremimusical.com.br\/2019\/wp-content\/uploads\/2020\/12\/logo-tagima-1024-300x300.png 300w, https:\/\/doremimusical.com.br\/2019\/wp-content\/uploads\/2020\/12\/logo-tagima-1024-400x400.png 400w, https:\/\/doremimusical.com.br\/2019\/wp-content\/uploads\/2020\/12\/logo-tagima-1024-100x100.png 100w, https:\/\/doremimusical.com.br\/2019\/wp-content\/uploads\/2020\/12\/logo-tagima-1024-510x510.png 510w, https:\/\/doremimusical.com.br\/2019\/wp-content\/uploads\/2020\/12\/logo-tagima-1024-150x150.png 150w, https:\/\/doremimusical.com.br\/2019\/wp-content\/uploads\/2020\/12\/logo-tagima-1024-768x768.png 768w, https:\/\/doremimusical.com.br\/2019\/wp-content\/uploads\/2020\/12\/logo-tagima-1024.png 1024w\" sizes=\"(max-width: 128px) 100vw, 128px\" \/><\/p>\n","protected":false},"featured_media":216035,"template":"","meta":{"_et_pb_use_builder":"","_et_pb_old_content":"","_et_gb_content_width":""},"product_cat":[79,82,360,593],"product_tag":[],"_links":{"self":[{"href":"https:\/\/doremimusical.com.br\/2019\/wp-json\/wp\/v2\/product\/216032"}],"collection":[{"href":"https:\/\/doremimusical.com.br\/2019\/wp-json\/wp\/v2\/product"}],"about":[{"href":"https:\/\/doremimusical.com.br\/2019\/wp-json\/wp\/v2\/types\/product"}],"wp:featuredmedia":[{"embeddable":true,"href":"https:\/\/doremimusical.com.br\/2019\/wp-json\/wp\/v2\/media\/216035"}],"wp:attachment":[{"href":"https:\/\/doremimusical.com.br\/2019\/wp-json\/wp\/v2\/media?parent=216032"}],"wp:term":[{"taxonomy":"product_cat","embeddable":true,"href":"https:\/\/doremimusical.com.br\/2019\/wp-json\/wp\/v2\/product_cat?post=216032"},{"taxonomy":"product_tag","embeddable":true,"href":"https:\/\/doremimusical.com.br\/2019\/wp-json\/wp\/v2\/product_tag?post=216032"}],"curies":[{"name":"wp","href":"https:\/\/api.w.org\/{rel}","templated":true}]}}